{"id":3844,"date":"2016-05-08T21:44:01","date_gmt":"2016-05-08T19:44:01","guid":{"rendered":"http:\/\/www.latiendadefotos.com\/producto\/silleria-del-coro-la-catedral-malaga\/"},"modified":"2016-05-08T21:46:27","modified_gmt":"2016-05-08T19:46:27","slug":"silleria-del-coro-la-catedral-malaga","status":"publish","type":"product","link":"https:\/\/www.carloscastrofotografo.com\/tienda\/producto\/silleria-del-coro-la-catedral-malaga\/","title":{"rendered":"Siller\u00eda del Coro de la Catedral de M\u00e1laga"},"content":{"rendered":"<p>Esta fotograf\u00eda vertical se puede comprar en dos acabados:<\/p>\n<ul>\n<li>Papel fotogr\u00e1fico mate de alta calidad para enmarcar<\/li>\n<li>Montada sobre Foam con part\u00edculas de aluminio de 1cm de Grosor (No hace falta enmarcar)<\/li>\n<\/ul>\n<p>Si necesita otro tama\u00f1o o acabado que no aparece en las opciones de compra, puede enviar un correo a info@latiendadefotos.com o rellenar el formulario de la secci\u00f3n contactar.<\/p>\n","protected":false},"excerpt":{"rendered":"<p>La\u00a0siller\u00eda del coro de la\u00a0Catedral de M\u00e1laga\u00a0tiene sus or\u00edgenes en el a\u00f1o\u00a01590, cuando el\u00a0cabildo catedralicio\u00a0decidi\u00f3 dotar al templo de un coro que, junto con la\u00a0capilla mayor, ser\u00e1 una de las piezas m\u00e1s representativas del mismo.<\/p>\n","protected":false},"featured_media":3853,"comment_status":"open","ping_status":"closed","template":"","meta":[],"product_cat":[48,47],"product_tag":[106,123,117,122,125,465,128,126,124,76,121,127,116,75,89,466,104],"class_list":{"0":"post-3844","1":"product","2":"type-product","3":"status-publish","4":"has-post-thumbnail","6":"product_cat-interioresiglesias","7":"product_cat-monumentos","8":"product_tag-amarillo","9":"product_tag-basilica","10":"product_tag-catedral","11":"product_tag-cathedral","12":"product_tag-church","13":"product_tag-coro","14":"product_tag-cristianismo","15":"product_tag-dark","16":"product_tag-encarnacion","17":"product_tag-horizontal","18":"product_tag-iglesia","19":"product_tag-in","20":"product_tag-interior","21":"product_tag-landscape","22":"product_tag-malaga","23":"product_tag-silleria","24":"product_tag-yellow","26":"first","27":"instock","28":"featured","29":"taxable","30":"shipping-taxable","31":"purchasable","32":"product-type-variable"},"yoast_head":"<!-- This site is optimized with the Yoast SEO plugin v23.5 - https:\/\/yoast.com\/wordpress\/plugins\/seo\/ -->\n<title>Siller\u00eda del Coro de la Catedral de M\u00e1laga - La Tienda de Carlos Castro Fot\u00f3grafo:: Decora con Fotos<\/title>\n<meta name=\"robots\" content=\"index, follow, max-snippet:-1, max-image-preview:large, max-video-preview:-1\" \/>\n<link rel=\"canonical\" href=\"https:\/\/www.carloscastrofotografo.com\/tienda\/producto\/silleria-del-coro-la-catedral-malaga\/\" \/>\n<meta property=\"og:locale\" content=\"es_ES\" \/>\n<meta property=\"og:type\" content=\"article\" \/>\n<meta property=\"og:title\" content=\"Siller\u00eda del Coro de la Catedral de M\u00e1laga - La Tienda de Carlos Castro Fot\u00f3grafo:: Decora con Fotos\" \/>\n<meta property=\"og:description\" content=\"La\u00a0siller\u00eda del coro de la\u00a0Catedral de M\u00e1laga\u00a0tiene sus or\u00edgenes en el a\u00f1o\u00a01590, cuando el\u00a0cabildo catedralicio\u00a0decidi\u00f3 dotar al templo de un coro que, junto con la\u00a0capilla mayor, ser\u00e1 una de las piezas m\u00e1s representativas del mismo.\" \/>\n<meta property=\"og:url\" content=\"https:\/\/www.carloscastrofotografo.com\/tienda\/producto\/silleria-del-coro-la-catedral-malaga\/\" \/>\n<meta property=\"og:site_name\" content=\"La Tienda de Carlos Castro Fot\u00f3grafo:: Decora con Fotos\" \/>\n<meta property=\"article:modified_time\" content=\"2016-05-08T19:46:27+00:00\" \/>\n<meta property=\"og:image\" content=\"https:\/\/www.carloscastrofotografo.com\/tienda\/wp-content\/uploads\/2016\/05\/coro-catedral-malaga.jpg\" \/>\n\t<meta property=\"og:image:width\" content=\"1020\" \/>\n\t<meta property=\"og:image:height\" content=\"1200\" \/>\n\t<meta property=\"og:image:type\" content=\"image\/jpeg\" \/>\n<meta name=\"twitter:card\" content=\"summary_large_image\" \/>\n<script type=\"application\/ld+json\" class=\"yoast-schema-graph\">{\"@context\":\"https:\/\/schema.org\",\"@graph\":[{\"@type\":\"WebPage\",\"@id\":\"https:\/\/www.carloscastrofotografo.com\/tienda\/producto\/silleria-del-coro-la-catedral-malaga\/\",\"url\":\"https:\/\/www.carloscastrofotografo.com\/tienda\/producto\/silleria-del-coro-la-catedral-malaga\/\",\"name\":\"Siller\u00eda del Coro de la Catedral de M\u00e1laga - La Tienda de Carlos Castro Fot\u00f3grafo:: Decora con Fotos\",\"isPartOf\":{\"@id\":\"https:\/\/www.carloscastrofotografo.com\/tienda\/#website\"},\"primaryImageOfPage\":{\"@id\":\"https:\/\/www.carloscastrofotografo.com\/tienda\/producto\/silleria-del-coro-la-catedral-malaga\/#primaryimage\"},\"image\":{\"@id\":\"https:\/\/www.carloscastrofotografo.com\/tienda\/producto\/silleria-del-coro-la-catedral-malaga\/#primaryimage\"},\"thumbnailUrl\":\"https:\/\/www.carloscastrofotografo.com\/tienda\/wp-content\/uploads\/2016\/05\/coro-catedral-malaga.jpg\",\"datePublished\":\"2016-05-08T19:44:01+00:00\",\"dateModified\":\"2016-05-08T19:46:27+00:00\",\"breadcrumb\":{\"@id\":\"https:\/\/www.carloscastrofotografo.com\/tienda\/producto\/silleria-del-coro-la-catedral-malaga\/#breadcrumb\"},\"inLanguage\":\"es\",\"potentialAction\":[{\"@type\":\"ReadAction\",\"target\":[\"https:\/\/www.carloscastrofotografo.com\/tienda\/producto\/silleria-del-coro-la-catedral-malaga\/\"]}]},{\"@type\":\"ImageObject\",\"inLanguage\":\"es\",\"@id\":\"https:\/\/www.carloscastrofotografo.com\/tienda\/producto\/silleria-del-coro-la-catedral-malaga\/#primaryimage\",\"url\":\"https:\/\/www.carloscastrofotografo.com\/tienda\/wp-content\/uploads\/2016\/05\/coro-catedral-malaga.jpg\",\"contentUrl\":\"https:\/\/www.carloscastrofotografo.com\/tienda\/wp-content\/uploads\/2016\/05\/coro-catedral-malaga.jpg\",\"width\":1020,\"height\":1200},{\"@type\":\"BreadcrumbList\",\"@id\":\"https:\/\/www.carloscastrofotografo.com\/tienda\/producto\/silleria-del-coro-la-catedral-malaga\/#breadcrumb\",\"itemListElement\":[{\"@type\":\"ListItem\",\"position\":1,\"name\":\"Portada\",\"item\":\"https:\/\/www.carloscastrofotografo.com\/tienda\/\"},{\"@type\":\"ListItem\",\"position\":2,\"name\":\"Tienda\",\"item\":\"https:\/\/www.carloscastrofotografo.com\/tienda\/tienda\/\"},{\"@type\":\"ListItem\",\"position\":3,\"name\":\"Siller\u00eda del Coro de la Catedral de M\u00e1laga\"}]},{\"@type\":\"WebSite\",\"@id\":\"https:\/\/www.carloscastrofotografo.com\/tienda\/#website\",\"url\":\"https:\/\/www.carloscastrofotografo.com\/tienda\/\",\"name\":\"La Tienda de Carlos Castro Fot\u00f3grafo:: Decora con Fotos\",\"description\":\"Fotograf\u00edas de Stock para tu web o en papel para decorar, distintos acabados\",\"potentialAction\":[{\"@type\":\"SearchAction\",\"target\":{\"@type\":\"EntryPoint\",\"urlTemplate\":\"https:\/\/www.carloscastrofotografo.com\/tienda\/?s={search_term_string}\"},\"query-input\":{\"@type\":\"PropertyValueSpecification\",\"valueRequired\":true,\"valueName\":\"search_term_string\"}}],\"inLanguage\":\"es\"}]}<\/script>\n<!-- \/ Yoast SEO plugin. -->","yoast_head_json":{"title":"Siller\u00eda del Coro de la Catedral de M\u00e1laga - La Tienda de Carlos Castro Fot\u00f3grafo:: Decora con Fotos","robots":{"index":"index","follow":"follow","max-snippet":"max-snippet:-1","max-image-preview":"max-image-preview:large","max-video-preview":"max-video-preview:-1"},"canonical":"https:\/\/www.carloscastrofotografo.com\/tienda\/producto\/silleria-del-coro-la-catedral-malaga\/","og_locale":"es_ES","og_type":"article","og_title":"Siller\u00eda del Coro de la Catedral de M\u00e1laga - La Tienda de Carlos Castro Fot\u00f3grafo:: Decora con Fotos","og_description":"La\u00a0siller\u00eda del coro de la\u00a0Catedral de M\u00e1laga\u00a0tiene sus or\u00edgenes en el a\u00f1o\u00a01590, cuando el\u00a0cabildo catedralicio\u00a0decidi\u00f3 dotar al templo de un coro que, junto con la\u00a0capilla mayor, ser\u00e1 una de las piezas m\u00e1s representativas del mismo.","og_url":"https:\/\/www.carloscastrofotografo.com\/tienda\/producto\/silleria-del-coro-la-catedral-malaga\/","og_site_name":"La Tienda de Carlos Castro Fot\u00f3grafo:: Decora con Fotos","article_modified_time":"2016-05-08T19:46:27+00:00","og_image":[{"width":1020,"height":1200,"url":"https:\/\/www.carloscastrofotografo.com\/tienda\/wp-content\/uploads\/2016\/05\/coro-catedral-malaga.jpg","type":"image\/jpeg"}],"twitter_card":"summary_large_image","schema":{"@context":"https:\/\/schema.org","@graph":[{"@type":"WebPage","@id":"https:\/\/www.carloscastrofotografo.com\/tienda\/producto\/silleria-del-coro-la-catedral-malaga\/","url":"https:\/\/www.carloscastrofotografo.com\/tienda\/producto\/silleria-del-coro-la-catedral-malaga\/","name":"Siller\u00eda del Coro de la Catedral de M\u00e1laga - La Tienda de Carlos Castro Fot\u00f3grafo:: Decora con Fotos","isPartOf":{"@id":"https:\/\/www.carloscastrofotografo.com\/tienda\/#website"},"primaryImageOfPage":{"@id":"https:\/\/www.carloscastrofotografo.com\/tienda\/producto\/silleria-del-coro-la-catedral-malaga\/#primaryimage"},"image":{"@id":"https:\/\/www.carloscastrofotografo.com\/tienda\/producto\/silleria-del-coro-la-catedral-malaga\/#primaryimage"},"thumbnailUrl":"https:\/\/www.carloscastrofotografo.com\/tienda\/wp-content\/uploads\/2016\/05\/coro-catedral-malaga.jpg","datePublished":"2016-05-08T19:44:01+00:00","dateModified":"2016-05-08T19:46:27+00:00","breadcrumb":{"@id":"https:\/\/www.carloscastrofotografo.com\/tienda\/producto\/silleria-del-coro-la-catedral-malaga\/#breadcrumb"},"inLanguage":"es","potentialAction":[{"@type":"ReadAction","target":["https:\/\/www.carloscastrofotografo.com\/tienda\/producto\/silleria-del-coro-la-catedral-malaga\/"]}]},{"@type":"ImageObject","inLanguage":"es","@id":"https:\/\/www.carloscastrofotografo.com\/tienda\/producto\/silleria-del-coro-la-catedral-malaga\/#primaryimage","url":"https:\/\/www.carloscastrofotografo.com\/tienda\/wp-content\/uploads\/2016\/05\/coro-catedral-malaga.jpg","contentUrl":"https:\/\/www.carloscastrofotografo.com\/tienda\/wp-content\/uploads\/2016\/05\/coro-catedral-malaga.jpg","width":1020,"height":1200},{"@type":"BreadcrumbList","@id":"https:\/\/www.carloscastrofotografo.com\/tienda\/producto\/silleria-del-coro-la-catedral-malaga\/#breadcrumb","itemListElement":[{"@type":"ListItem","position":1,"name":"Portada","item":"https:\/\/www.carloscastrofotografo.com\/tienda\/"},{"@type":"ListItem","position":2,"name":"Tienda","item":"https:\/\/www.carloscastrofotografo.com\/tienda\/tienda\/"},{"@type":"ListItem","position":3,"name":"Siller\u00eda del Coro de la Catedral de M\u00e1laga"}]},{"@type":"WebSite","@id":"https:\/\/www.carloscastrofotografo.com\/tienda\/#website","url":"https:\/\/www.carloscastrofotografo.com\/tienda\/","name":"La Tienda de Carlos Castro Fot\u00f3grafo:: Decora con Fotos","description":"Fotograf\u00edas de Stock para tu web o en papel para decorar, distintos acabados","potentialAction":[{"@type":"SearchAction","target":{"@type":"EntryPoint","urlTemplate":"https:\/\/www.carloscastrofotografo.com\/tienda\/?s={search_term_string}"},"query-input":{"@type":"PropertyValueSpecification","valueRequired":true,"valueName":"search_term_string"}}],"inLanguage":"es"}]}},"_links":{"self":[{"href":"https:\/\/www.carloscastrofotografo.com\/tienda\/wp-json\/wp\/v2\/product\/3844","targetHints":{"allow":["GET"]}}],"collection":[{"href":"https:\/\/www.carloscastrofotografo.com\/tienda\/wp-json\/wp\/v2\/product"}],"about":[{"href":"https:\/\/www.carloscastrofotografo.com\/tienda\/wp-json\/wp\/v2\/types\/product"}],"replies":[{"embeddable":true,"href":"https:\/\/www.carloscastrofotografo.com\/tienda\/wp-json\/wp\/v2\/comments?post=3844"}],"wp:featuredmedia":[{"embeddable":true,"href":"https:\/\/www.carloscastrofotografo.com\/tienda\/wp-json\/wp\/v2\/media\/3853"}],"wp:attachment":[{"href":"https:\/\/www.carloscastrofotografo.com\/tienda\/wp-json\/wp\/v2\/media?parent=3844"}],"wp:term":[{"taxonomy":"product_cat","embeddable":true,"href":"https:\/\/www.carloscastrofotografo.com\/tienda\/wp-json\/wp\/v2\/product_cat?post=3844"},{"taxonomy":"product_tag","embeddable":true,"href":"https:\/\/www.carloscastrofotografo.com\/tienda\/wp-json\/wp\/v2\/product_tag?post=3844"}],"curies":[{"name":"wp","href":"https:\/\/api.w.org\/{rel}","templated":true}]}}