{"id":3782,"date":"2016-05-02T22:29:51","date_gmt":"2016-05-02T20:29:51","guid":{"rendered":"http:\/\/www.latiendadefotos.com\/producto\/noche-las-cruces-mayo-barrio-san-francisco-velez-malaga\/"},"modified":"2016-05-02T22:31:48","modified_gmt":"2016-05-02T20:31:48","slug":"noche-las-cruces-mayo-barrio-san-francisco-velez-malaga","status":"publish","type":"product","link":"https:\/\/www.carloscastrofotografo.com\/tienda\/producto\/noche-las-cruces-mayo-barrio-san-francisco-velez-malaga\/","title":{"rendered":"Noche con las Cruces de Mayo en el Barrio de San Francisco (V\u00e9lez-M\u00e1laga)"},"content":{"rendered":"<p>Esta fotograf\u00eda horizontal se puede comprar en dos acabados:<\/p>\n<ul>\n<li>Papel fotogr\u00e1fico mate de alta calidad para enmarcar<\/li>\n<li>Montada sobre Foam con part\u00edculas de aluminio de 1cm de Grosor (No hace falta enmarcar)<\/li>\n<\/ul>\n<p>Si necesita otro tama\u00f1o o acabado que no aparece en las opciones de compra, puede enviar un correo a info@latiendadefotos.com o rellenar el formulario de la secci\u00f3n contactar.<\/p>\n","protected":false},"excerpt":{"rendered":"<p>As\u00ed luce este 2016 el barrio de San Francisco (V\u00e9lez-M\u00e1laga) en las Cruces de Mayo.<\/p>\n","protected":false},"featured_media":3791,"comment_status":"open","ping_status":"closed","template":"","meta":[],"product_cat":[41,46],"product_tag":[106,90,94,455,189,73,96,456,373,326,76,75,102,103,457,101,100,454,327,139,104],"class_list":{"0":"post-3782","1":"product","2":"type-product","3":"status-publish","4":"has-post-thumbnail","6":"product_cat-ciudades","7":"product_cat-nocturna","8":"product_tag-amarillo","9":"product_tag-axarquia","10":"product_tag-azul","11":"product_tag-barrio","12":"product_tag-blue","13":"product_tag-cielo","14":"product_tag-contaminacion-luminica","15":"product_tag-cruces","16":"product_tag-cruz","17":"product_tag-estrellas","18":"product_tag-horizontal","19":"product_tag-landscape","20":"product_tag-larga-exposicion","21":"product_tag-long-exposure","22":"product_tag-mayo","23":"product_tag-night","24":"product_tag-nocturna","25":"product_tag-san-francisco","26":"product_tag-stars","27":"product_tag-velez-malaga","28":"product_tag-yellow","30":"first","31":"instock","32":"featured","33":"taxable","34":"shipping-taxable","35":"purchasable","36":"product-type-variable"},"yoast_head":"<!-- This site is optimized with the Yoast SEO plugin v23.5 - https:\/\/yoast.com\/wordpress\/plugins\/seo\/ -->\n<title>Noche con las Cruces de Mayo en el Barrio de San Francisco (V\u00e9lez-M\u00e1laga) - La Tienda de Carlos Castro Fot\u00f3grafo:: Decora con Fotos<\/title>\n<meta name=\"robots\" content=\"index, follow, max-snippet:-1, max-image-preview:large, max-video-preview:-1\" \/>\n<link rel=\"canonical\" href=\"https:\/\/www.carloscastrofotografo.com\/tienda\/producto\/noche-las-cruces-mayo-barrio-san-francisco-velez-malaga\/\" \/>\n<meta property=\"og:locale\" content=\"es_ES\" \/>\n<meta property=\"og:type\" content=\"article\" \/>\n<meta property=\"og:title\" content=\"Noche con las Cruces de Mayo en el Barrio de San Francisco (V\u00e9lez-M\u00e1laga) - La Tienda de Carlos Castro Fot\u00f3grafo:: Decora con Fotos\" \/>\n<meta property=\"og:description\" content=\"As\u00ed luce este 2016 el barrio de San Francisco (V\u00e9lez-M\u00e1laga) en las Cruces de Mayo.\" \/>\n<meta property=\"og:url\" content=\"https:\/\/www.carloscastrofotografo.com\/tienda\/producto\/noche-las-cruces-mayo-barrio-san-francisco-velez-malaga\/\" \/>\n<meta property=\"og:site_name\" content=\"La Tienda de Carlos Castro Fot\u00f3grafo:: Decora con Fotos\" \/>\n<meta property=\"article:modified_time\" content=\"2016-05-02T20:31:48+00:00\" \/>\n<meta property=\"og:image\" content=\"https:\/\/www.carloscastrofotografo.com\/tienda\/wp-content\/uploads\/2016\/05\/san-francisco-velez.jpg\" \/>\n\t<meta property=\"og:image:width\" content=\"1020\" \/>\n\t<meta property=\"og:image:height\" content=\"1200\" \/>\n\t<meta property=\"og:image:type\" content=\"image\/jpeg\" \/>\n<meta name=\"twitter:card\" content=\"summary_large_image\" \/>\n<script type=\"application\/ld+json\" class=\"yoast-schema-graph\">{\"@context\":\"https:\/\/schema.org\",\"@graph\":[{\"@type\":\"WebPage\",\"@id\":\"https:\/\/www.carloscastrofotografo.com\/tienda\/producto\/noche-las-cruces-mayo-barrio-san-francisco-velez-malaga\/\",\"url\":\"https:\/\/www.carloscastrofotografo.com\/tienda\/producto\/noche-las-cruces-mayo-barrio-san-francisco-velez-malaga\/\",\"name\":\"Noche con las Cruces de Mayo en el Barrio de San Francisco (V\u00e9lez-M\u00e1laga) - La Tienda de Carlos Castro Fot\u00f3grafo:: Decora con Fotos\",\"isPartOf\":{\"@id\":\"https:\/\/www.carloscastrofotografo.com\/tienda\/#website\"},\"primaryImageOfPage\":{\"@id\":\"https:\/\/www.carloscastrofotografo.com\/tienda\/producto\/noche-las-cruces-mayo-barrio-san-francisco-velez-malaga\/#primaryimage\"},\"image\":{\"@id\":\"https:\/\/www.carloscastrofotografo.com\/tienda\/producto\/noche-las-cruces-mayo-barrio-san-francisco-velez-malaga\/#primaryimage\"},\"thumbnailUrl\":\"https:\/\/www.carloscastrofotografo.com\/tienda\/wp-content\/uploads\/2016\/05\/san-francisco-velez.jpg\",\"datePublished\":\"2016-05-02T20:29:51+00:00\",\"dateModified\":\"2016-05-02T20:31:48+00:00\",\"breadcrumb\":{\"@id\":\"https:\/\/www.carloscastrofotografo.com\/tienda\/producto\/noche-las-cruces-mayo-barrio-san-francisco-velez-malaga\/#breadcrumb\"},\"inLanguage\":\"es\",\"potentialAction\":[{\"@type\":\"ReadAction\",\"target\":[\"https:\/\/www.carloscastrofotografo.com\/tienda\/producto\/noche-las-cruces-mayo-barrio-san-francisco-velez-malaga\/\"]}]},{\"@type\":\"ImageObject\",\"inLanguage\":\"es\",\"@id\":\"https:\/\/www.carloscastrofotografo.com\/tienda\/producto\/noche-las-cruces-mayo-barrio-san-francisco-velez-malaga\/#primaryimage\",\"url\":\"https:\/\/www.carloscastrofotografo.com\/tienda\/wp-content\/uploads\/2016\/05\/san-francisco-velez.jpg\",\"contentUrl\":\"https:\/\/www.carloscastrofotografo.com\/tienda\/wp-content\/uploads\/2016\/05\/san-francisco-velez.jpg\",\"width\":1020,\"height\":1200},{\"@type\":\"BreadcrumbList\",\"@id\":\"https:\/\/www.carloscastrofotografo.com\/tienda\/producto\/noche-las-cruces-mayo-barrio-san-francisco-velez-malaga\/#breadcrumb\",\"itemListElement\":[{\"@type\":\"ListItem\",\"position\":1,\"name\":\"Portada\",\"item\":\"https:\/\/www.carloscastrofotografo.com\/tienda\/\"},{\"@type\":\"ListItem\",\"position\":2,\"name\":\"Tienda\",\"item\":\"https:\/\/www.carloscastrofotografo.com\/tienda\/tienda\/\"},{\"@type\":\"ListItem\",\"position\":3,\"name\":\"Noche con las Cruces de Mayo en el Barrio de San Francisco (V\u00e9lez-M\u00e1laga)\"}]},{\"@type\":\"WebSite\",\"@id\":\"https:\/\/www.carloscastrofotografo.com\/tienda\/#website\",\"url\":\"https:\/\/www.carloscastrofotografo.com\/tienda\/\",\"name\":\"La Tienda de Carlos Castro Fot\u00f3grafo:: Decora con Fotos\",\"description\":\"Fotograf\u00edas de Stock para tu web o en papel para decorar, distintos acabados\",\"potentialAction\":[{\"@type\":\"SearchAction\",\"target\":{\"@type\":\"EntryPoint\",\"urlTemplate\":\"https:\/\/www.carloscastrofotografo.com\/tienda\/?s={search_term_string}\"},\"query-input\":{\"@type\":\"PropertyValueSpecification\",\"valueRequired\":true,\"valueName\":\"search_term_string\"}}],\"inLanguage\":\"es\"}]}<\/script>\n<!-- \/ Yoast SEO plugin. -->","yoast_head_json":{"title":"Noche con las Cruces de Mayo en el Barrio de San Francisco (V\u00e9lez-M\u00e1laga) - La Tienda de Carlos Castro Fot\u00f3grafo:: Decora con Fotos","robots":{"index":"index","follow":"follow","max-snippet":"max-snippet:-1","max-image-preview":"max-image-preview:large","max-video-preview":"max-video-preview:-1"},"canonical":"https:\/\/www.carloscastrofotografo.com\/tienda\/producto\/noche-las-cruces-mayo-barrio-san-francisco-velez-malaga\/","og_locale":"es_ES","og_type":"article","og_title":"Noche con las Cruces de Mayo en el Barrio de San Francisco (V\u00e9lez-M\u00e1laga) - La Tienda de Carlos Castro Fot\u00f3grafo:: Decora con Fotos","og_description":"As\u00ed luce este 2016 el barrio de San Francisco (V\u00e9lez-M\u00e1laga) en las Cruces de Mayo.","og_url":"https:\/\/www.carloscastrofotografo.com\/tienda\/producto\/noche-las-cruces-mayo-barrio-san-francisco-velez-malaga\/","og_site_name":"La Tienda de Carlos Castro Fot\u00f3grafo:: Decora con Fotos","article_modified_time":"2016-05-02T20:31:48+00:00","og_image":[{"width":1020,"height":1200,"url":"https:\/\/www.carloscastrofotografo.com\/tienda\/wp-content\/uploads\/2016\/05\/san-francisco-velez.jpg","type":"image\/jpeg"}],"twitter_card":"summary_large_image","schema":{"@context":"https:\/\/schema.org","@graph":[{"@type":"WebPage","@id":"https:\/\/www.carloscastrofotografo.com\/tienda\/producto\/noche-las-cruces-mayo-barrio-san-francisco-velez-malaga\/","url":"https:\/\/www.carloscastrofotografo.com\/tienda\/producto\/noche-las-cruces-mayo-barrio-san-francisco-velez-malaga\/","name":"Noche con las Cruces de Mayo en el Barrio de San Francisco (V\u00e9lez-M\u00e1laga) - La Tienda de Carlos Castro Fot\u00f3grafo:: Decora con Fotos","isPartOf":{"@id":"https:\/\/www.carloscastrofotografo.com\/tienda\/#website"},"primaryImageOfPage":{"@id":"https:\/\/www.carloscastrofotografo.com\/tienda\/producto\/noche-las-cruces-mayo-barrio-san-francisco-velez-malaga\/#primaryimage"},"image":{"@id":"https:\/\/www.carloscastrofotografo.com\/tienda\/producto\/noche-las-cruces-mayo-barrio-san-francisco-velez-malaga\/#primaryimage"},"thumbnailUrl":"https:\/\/www.carloscastrofotografo.com\/tienda\/wp-content\/uploads\/2016\/05\/san-francisco-velez.jpg","datePublished":"2016-05-02T20:29:51+00:00","dateModified":"2016-05-02T20:31:48+00:00","breadcrumb":{"@id":"https:\/\/www.carloscastrofotografo.com\/tienda\/producto\/noche-las-cruces-mayo-barrio-san-francisco-velez-malaga\/#breadcrumb"},"inLanguage":"es","potentialAction":[{"@type":"ReadAction","target":["https:\/\/www.carloscastrofotografo.com\/tienda\/producto\/noche-las-cruces-mayo-barrio-san-francisco-velez-malaga\/"]}]},{"@type":"ImageObject","inLanguage":"es","@id":"https:\/\/www.carloscastrofotografo.com\/tienda\/producto\/noche-las-cruces-mayo-barrio-san-francisco-velez-malaga\/#primaryimage","url":"https:\/\/www.carloscastrofotografo.com\/tienda\/wp-content\/uploads\/2016\/05\/san-francisco-velez.jpg","contentUrl":"https:\/\/www.carloscastrofotografo.com\/tienda\/wp-content\/uploads\/2016\/05\/san-francisco-velez.jpg","width":1020,"height":1200},{"@type":"BreadcrumbList","@id":"https:\/\/www.carloscastrofotografo.com\/tienda\/producto\/noche-las-cruces-mayo-barrio-san-francisco-velez-malaga\/#breadcrumb","itemListElement":[{"@type":"ListItem","position":1,"name":"Portada","item":"https:\/\/www.carloscastrofotografo.com\/tienda\/"},{"@type":"ListItem","position":2,"name":"Tienda","item":"https:\/\/www.carloscastrofotografo.com\/tienda\/tienda\/"},{"@type":"ListItem","position":3,"name":"Noche con las Cruces de Mayo en el Barrio de San Francisco (V\u00e9lez-M\u00e1laga)"}]},{"@type":"WebSite","@id":"https:\/\/www.carloscastrofotografo.com\/tienda\/#website","url":"https:\/\/www.carloscastrofotografo.com\/tienda\/","name":"La Tienda de Carlos Castro Fot\u00f3grafo:: Decora con Fotos","description":"Fotograf\u00edas de Stock para tu web o en papel para decorar, distintos acabados","potentialAction":[{"@type":"SearchAction","target":{"@type":"EntryPoint","urlTemplate":"https:\/\/www.carloscastrofotografo.com\/tienda\/?s={search_term_string}"},"query-input":{"@type":"PropertyValueSpecification","valueRequired":true,"valueName":"search_term_string"}}],"inLanguage":"es"}]}},"_links":{"self":[{"href":"https:\/\/www.carloscastrofotografo.com\/tienda\/wp-json\/wp\/v2\/product\/3782","targetHints":{"allow":["GET"]}}],"collection":[{"href":"https:\/\/www.carloscastrofotografo.com\/tienda\/wp-json\/wp\/v2\/product"}],"about":[{"href":"https:\/\/www.carloscastrofotografo.com\/tienda\/wp-json\/wp\/v2\/types\/product"}],"replies":[{"embeddable":true,"href":"https:\/\/www.carloscastrofotografo.com\/tienda\/wp-json\/wp\/v2\/comments?post=3782"}],"wp:featuredmedia":[{"embeddable":true,"href":"https:\/\/www.carloscastrofotografo.com\/tienda\/wp-json\/wp\/v2\/media\/3791"}],"wp:attachment":[{"href":"https:\/\/www.carloscastrofotografo.com\/tienda\/wp-json\/wp\/v2\/media?parent=3782"}],"wp:term":[{"taxonomy":"product_cat","embeddable":true,"href":"https:\/\/www.carloscastrofotografo.com\/tienda\/wp-json\/wp\/v2\/product_cat?post=3782"},{"taxonomy":"product_tag","embeddable":true,"href":"https:\/\/www.carloscastrofotografo.com\/tienda\/wp-json\/wp\/v2\/product_tag?post=3782"}],"curies":[{"name":"wp","href":"https:\/\/api.w.org\/{rel}","templated":true}]}}