{"id":3772,"date":"2016-05-02T11:21:06","date_gmt":"2016-05-02T09:21:06","guid":{"rendered":"http:\/\/www.latiendadefotos.com\/producto\/aquellos-dias-verano\/"},"modified":"2024-10-06T18:16:33","modified_gmt":"2024-10-06T16:16:33","slug":"aquellos-dias-verano","status":"publish","type":"product","link":"https:\/\/www.carloscastrofotografo.com\/tienda\/producto\/aquellos-dias-verano\/","title":{"rendered":"Aquellos d\u00edas de Verano&#8230;"},"content":{"rendered":"<p>Esta fotograf\u00eda horizontal se puede comprar en dos acabados:<\/p>\n<ul>\n<li>Papel fotogr\u00e1fico mate de alta calidad para enmarcar<\/li>\n<li>Montada sobre Foam con part\u00edculas de aluminio de 1cm de Grosor (No hace falta enmarcar)<\/li>\n<\/ul>\n<p>Si necesita otro tama\u00f1o o acabado que no aparece en las opciones de compra, puede enviar un correo a info@latiendadefotos.com o rellenar el formulario del apartado contactar.<\/p>\n","protected":false},"excerpt":{"rendered":"<p>Imagen que transmite nostalgia. Est\u00e1 realizada en la playa del Pe\u00f1\u00f3n del cuervo al Atardecer.<\/p>\n","protected":false},"featured_media":3781,"comment_status":"open","ping_status":"closed","template":"","meta":[],"product_cat":[50,40,45],"product_tag":[203,331,66,453,452,301,450,223,73,448,415,405,76,447,75,89,71,446,68,105,451,414,300,449,67],"class_list":{"0":"post-3772","1":"product","2":"type-product","3":"status-publish","4":"has-post-thumbnail","6":"product_cat-artistica","7":"product_cat-paisajes","8":"product_cat-personas","9":"product_tag-andalucia","10":"product_tag-arena","11":"product_tag-atardecer","12":"product_tag-ball","13":"product_tag-balones","14":"product_tag-beach","15":"product_tag-bicicletas","16":"product_tag-calido","17":"product_tag-cielo","18":"product_tag-cloud","19":"product_tag-cuervo","20":"product_tag-del","21":"product_tag-horizontal","22":"product_tag-jugando","23":"product_tag-landscape","24":"product_tag-malaga","25":"product_tag-naranja","26":"product_tag-ninos","27":"product_tag-nubes","28":"product_tag-orange","29":"product_tag-pelotas","30":"product_tag-penon","31":"product_tag-playa","32":"product_tag-sand","33":"product_tag-sunset","35":"first","36":"instock","37":"featured","38":"taxable","39":"shipping-taxable","40":"purchasable","41":"product-type-variable"},"yoast_head":"<!-- This site is optimized with the Yoast SEO plugin v23.5 - https:\/\/yoast.com\/wordpress\/plugins\/seo\/ -->\n<title>Aquellos d\u00edas de Verano... - La Tienda de Carlos Castro Fot\u00f3grafo:: Decora con Fotos<\/title>\n<meta name=\"robots\" content=\"index, follow, max-snippet:-1, max-image-preview:large, max-video-preview:-1\" \/>\n<link rel=\"canonical\" href=\"https:\/\/www.carloscastrofotografo.com\/tienda\/producto\/aquellos-dias-verano\/\" \/>\n<meta property=\"og:locale\" content=\"es_ES\" \/>\n<meta property=\"og:type\" content=\"article\" \/>\n<meta property=\"og:title\" content=\"Aquellos d\u00edas de Verano... - La Tienda de Carlos Castro Fot\u00f3grafo:: Decora con Fotos\" \/>\n<meta property=\"og:description\" content=\"Imagen que transmite nostalgia. Est\u00e1 realizada en la playa del Pe\u00f1\u00f3n del cuervo al Atardecer.\" \/>\n<meta property=\"og:url\" content=\"https:\/\/www.carloscastrofotografo.com\/tienda\/producto\/aquellos-dias-verano\/\" \/>\n<meta property=\"og:site_name\" content=\"La Tienda de Carlos Castro Fot\u00f3grafo:: Decora con Fotos\" \/>\n<meta property=\"article:modified_time\" content=\"2024-10-06T16:16:33+00:00\" \/>\n<meta property=\"og:image\" content=\"https:\/\/www.carloscastrofotografo.com\/tienda\/wp-content\/uploads\/2016\/05\/playa-nostalgia.jpg\" \/>\n\t<meta property=\"og:image:width\" content=\"1020\" \/>\n\t<meta property=\"og:image:height\" content=\"1200\" \/>\n\t<meta property=\"og:image:type\" content=\"image\/jpeg\" \/>\n<meta name=\"twitter:card\" content=\"summary_large_image\" \/>\n<script type=\"application\/ld+json\" class=\"yoast-schema-graph\">{\"@context\":\"https:\/\/schema.org\",\"@graph\":[{\"@type\":\"WebPage\",\"@id\":\"https:\/\/www.carloscastrofotografo.com\/tienda\/producto\/aquellos-dias-verano\/\",\"url\":\"https:\/\/www.carloscastrofotografo.com\/tienda\/producto\/aquellos-dias-verano\/\",\"name\":\"Aquellos d\u00edas de Verano... - La Tienda de Carlos Castro Fot\u00f3grafo:: Decora con Fotos\",\"isPartOf\":{\"@id\":\"https:\/\/www.carloscastrofotografo.com\/tienda\/#website\"},\"primaryImageOfPage\":{\"@id\":\"https:\/\/www.carloscastrofotografo.com\/tienda\/producto\/aquellos-dias-verano\/#primaryimage\"},\"image\":{\"@id\":\"https:\/\/www.carloscastrofotografo.com\/tienda\/producto\/aquellos-dias-verano\/#primaryimage\"},\"thumbnailUrl\":\"https:\/\/www.carloscastrofotografo.com\/tienda\/wp-content\/uploads\/2016\/05\/playa-nostalgia.jpg\",\"datePublished\":\"2016-05-02T09:21:06+00:00\",\"dateModified\":\"2024-10-06T16:16:33+00:00\",\"breadcrumb\":{\"@id\":\"https:\/\/www.carloscastrofotografo.com\/tienda\/producto\/aquellos-dias-verano\/#breadcrumb\"},\"inLanguage\":\"es\",\"potentialAction\":[{\"@type\":\"ReadAction\",\"target\":[\"https:\/\/www.carloscastrofotografo.com\/tienda\/producto\/aquellos-dias-verano\/\"]}]},{\"@type\":\"ImageObject\",\"inLanguage\":\"es\",\"@id\":\"https:\/\/www.carloscastrofotografo.com\/tienda\/producto\/aquellos-dias-verano\/#primaryimage\",\"url\":\"https:\/\/www.carloscastrofotografo.com\/tienda\/wp-content\/uploads\/2016\/05\/playa-nostalgia.jpg\",\"contentUrl\":\"https:\/\/www.carloscastrofotografo.com\/tienda\/wp-content\/uploads\/2016\/05\/playa-nostalgia.jpg\",\"width\":1020,\"height\":1200},{\"@type\":\"BreadcrumbList\",\"@id\":\"https:\/\/www.carloscastrofotografo.com\/tienda\/producto\/aquellos-dias-verano\/#breadcrumb\",\"itemListElement\":[{\"@type\":\"ListItem\",\"position\":1,\"name\":\"Portada\",\"item\":\"https:\/\/www.carloscastrofotografo.com\/tienda\/\"},{\"@type\":\"ListItem\",\"position\":2,\"name\":\"Tienda\",\"item\":\"https:\/\/www.carloscastrofotografo.com\/tienda\/tienda\/\"},{\"@type\":\"ListItem\",\"position\":3,\"name\":\"Aquellos d\u00edas de Verano&#8230;\"}]},{\"@type\":\"WebSite\",\"@id\":\"https:\/\/www.carloscastrofotografo.com\/tienda\/#website\",\"url\":\"https:\/\/www.carloscastrofotografo.com\/tienda\/\",\"name\":\"La Tienda de Carlos Castro Fot\u00f3grafo:: Decora con Fotos\",\"description\":\"Fotograf\u00edas de Stock para tu web o en papel para decorar, distintos acabados\",\"potentialAction\":[{\"@type\":\"SearchAction\",\"target\":{\"@type\":\"EntryPoint\",\"urlTemplate\":\"https:\/\/www.carloscastrofotografo.com\/tienda\/?s={search_term_string}\"},\"query-input\":{\"@type\":\"PropertyValueSpecification\",\"valueRequired\":true,\"valueName\":\"search_term_string\"}}],\"inLanguage\":\"es\"}]}<\/script>\n<!-- \/ Yoast SEO plugin. -->","yoast_head_json":{"title":"Aquellos d\u00edas de Verano... - La Tienda de Carlos Castro Fot\u00f3grafo:: Decora con Fotos","robots":{"index":"index","follow":"follow","max-snippet":"max-snippet:-1","max-image-preview":"max-image-preview:large","max-video-preview":"max-video-preview:-1"},"canonical":"https:\/\/www.carloscastrofotografo.com\/tienda\/producto\/aquellos-dias-verano\/","og_locale":"es_ES","og_type":"article","og_title":"Aquellos d\u00edas de Verano... - La Tienda de Carlos Castro Fot\u00f3grafo:: Decora con Fotos","og_description":"Imagen que transmite nostalgia. Est\u00e1 realizada en la playa del Pe\u00f1\u00f3n del cuervo al Atardecer.","og_url":"https:\/\/www.carloscastrofotografo.com\/tienda\/producto\/aquellos-dias-verano\/","og_site_name":"La Tienda de Carlos Castro Fot\u00f3grafo:: Decora con Fotos","article_modified_time":"2024-10-06T16:16:33+00:00","og_image":[{"width":1020,"height":1200,"url":"https:\/\/www.carloscastrofotografo.com\/tienda\/wp-content\/uploads\/2016\/05\/playa-nostalgia.jpg","type":"image\/jpeg"}],"twitter_card":"summary_large_image","schema":{"@context":"https:\/\/schema.org","@graph":[{"@type":"WebPage","@id":"https:\/\/www.carloscastrofotografo.com\/tienda\/producto\/aquellos-dias-verano\/","url":"https:\/\/www.carloscastrofotografo.com\/tienda\/producto\/aquellos-dias-verano\/","name":"Aquellos d\u00edas de Verano... - La Tienda de Carlos Castro Fot\u00f3grafo:: Decora con Fotos","isPartOf":{"@id":"https:\/\/www.carloscastrofotografo.com\/tienda\/#website"},"primaryImageOfPage":{"@id":"https:\/\/www.carloscastrofotografo.com\/tienda\/producto\/aquellos-dias-verano\/#primaryimage"},"image":{"@id":"https:\/\/www.carloscastrofotografo.com\/tienda\/producto\/aquellos-dias-verano\/#primaryimage"},"thumbnailUrl":"https:\/\/www.carloscastrofotografo.com\/tienda\/wp-content\/uploads\/2016\/05\/playa-nostalgia.jpg","datePublished":"2016-05-02T09:21:06+00:00","dateModified":"2024-10-06T16:16:33+00:00","breadcrumb":{"@id":"https:\/\/www.carloscastrofotografo.com\/tienda\/producto\/aquellos-dias-verano\/#breadcrumb"},"inLanguage":"es","potentialAction":[{"@type":"ReadAction","target":["https:\/\/www.carloscastrofotografo.com\/tienda\/producto\/aquellos-dias-verano\/"]}]},{"@type":"ImageObject","inLanguage":"es","@id":"https:\/\/www.carloscastrofotografo.com\/tienda\/producto\/aquellos-dias-verano\/#primaryimage","url":"https:\/\/www.carloscastrofotografo.com\/tienda\/wp-content\/uploads\/2016\/05\/playa-nostalgia.jpg","contentUrl":"https:\/\/www.carloscastrofotografo.com\/tienda\/wp-content\/uploads\/2016\/05\/playa-nostalgia.jpg","width":1020,"height":1200},{"@type":"BreadcrumbList","@id":"https:\/\/www.carloscastrofotografo.com\/tienda\/producto\/aquellos-dias-verano\/#breadcrumb","itemListElement":[{"@type":"ListItem","position":1,"name":"Portada","item":"https:\/\/www.carloscastrofotografo.com\/tienda\/"},{"@type":"ListItem","position":2,"name":"Tienda","item":"https:\/\/www.carloscastrofotografo.com\/tienda\/tienda\/"},{"@type":"ListItem","position":3,"name":"Aquellos d\u00edas de Verano&#8230;"}]},{"@type":"WebSite","@id":"https:\/\/www.carloscastrofotografo.com\/tienda\/#website","url":"https:\/\/www.carloscastrofotografo.com\/tienda\/","name":"La Tienda de Carlos Castro Fot\u00f3grafo:: Decora con Fotos","description":"Fotograf\u00edas de Stock para tu web o en papel para decorar, distintos acabados","potentialAction":[{"@type":"SearchAction","target":{"@type":"EntryPoint","urlTemplate":"https:\/\/www.carloscastrofotografo.com\/tienda\/?s={search_term_string}"},"query-input":{"@type":"PropertyValueSpecification","valueRequired":true,"valueName":"search_term_string"}}],"inLanguage":"es"}]}},"_links":{"self":[{"href":"https:\/\/www.carloscastrofotografo.com\/tienda\/wp-json\/wp\/v2\/product\/3772","targetHints":{"allow":["GET"]}}],"collection":[{"href":"https:\/\/www.carloscastrofotografo.com\/tienda\/wp-json\/wp\/v2\/product"}],"about":[{"href":"https:\/\/www.carloscastrofotografo.com\/tienda\/wp-json\/wp\/v2\/types\/product"}],"replies":[{"embeddable":true,"href":"https:\/\/www.carloscastrofotografo.com\/tienda\/wp-json\/wp\/v2\/comments?post=3772"}],"wp:featuredmedia":[{"embeddable":true,"href":"https:\/\/www.carloscastrofotografo.com\/tienda\/wp-json\/wp\/v2\/media\/3781"}],"wp:attachment":[{"href":"https:\/\/www.carloscastrofotografo.com\/tienda\/wp-json\/wp\/v2\/media?parent=3772"}],"wp:term":[{"taxonomy":"product_cat","embeddable":true,"href":"https:\/\/www.carloscastrofotografo.com\/tienda\/wp-json\/wp\/v2\/product_cat?post=3772"},{"taxonomy":"product_tag","embeddable":true,"href":"https:\/\/www.carloscastrofotografo.com\/tienda\/wp-json\/wp\/v2\/product_tag?post=3772"}],"curies":[{"name":"wp","href":"https:\/\/api.w.org\/{rel}","templated":true}]}}