{"id":3286,"date":"2016-04-11T15:13:21","date_gmt":"2016-04-11T13:13:21","guid":{"rendered":"http:\/\/www.latiendadefotos.com\/producto\/sentimiento\/"},"modified":"2022-04-08T19:48:55","modified_gmt":"2022-04-08T17:48:55","slug":"sentimiento","status":"publish","type":"product","link":"https:\/\/www.carloscastrofotografo.com\/tienda\/producto\/sentimiento\/","title":{"rendered":"Sentimiento"},"content":{"rendered":"<p>Esta fotograf\u00eda horizontal se puede comprar en dos acabados:<\/p>\n<ul>\n<li>Papel fotogr\u00e1fico mate de alta calidad para enmarcar<\/li>\n<li>Montada sobre Foam con part\u00edculas de aluminio de 1cm de Grosor (No hace falta enmarcar)<\/li>\n<\/ul>\n<p>Si necesita otro tama\u00f1o o acabado que no aparece en las opciones de compra, puede enviar un correo a info@latiendadefotos.com<\/p>\n","protected":false},"excerpt":{"rendered":"<p>Una fotograf\u00eda entra\u00f1able de dos seres que se quieren&#8230;<\/p>\n","protected":false},"featured_media":3295,"comment_status":"open","ping_status":"closed","template":"","meta":[],"product_cat":[171,158],"product_tag":[316,315,143,149,311,76,75,318,314,313,235,317],"class_list":{"0":"post-3286","1":"product","2":"type-product","3":"status-publish","4":"has-post-thumbnail","6":"product_cat-animales-plantas","7":"product_cat-blanco-y-negro","8":"product_tag-amor","9":"product_tag-animales","10":"product_tag-blanco","11":"product_tag-blanco-y-negro","12":"product_tag-grises","13":"product_tag-horizontal","14":"product_tag-landscape","15":"product_tag-love","16":"product_tag-macacos","17":"product_tag-monos","18":"product_tag-negro","19":"product_tag-sentimiento","21":"first","22":"instock","23":"featured","24":"taxable","25":"shipping-taxable","26":"purchasable","27":"product-type-variable"},"yoast_head":"<!-- This site is optimized with the Yoast SEO plugin v23.5 - https:\/\/yoast.com\/wordpress\/plugins\/seo\/ -->\n<title>Sentimiento - La Tienda de Carlos Castro Fot\u00f3grafo:: Decora con Fotos<\/title>\n<meta name=\"robots\" content=\"index, follow, max-snippet:-1, max-image-preview:large, max-video-preview:-1\" \/>\n<link rel=\"canonical\" href=\"https:\/\/www.carloscastrofotografo.com\/tienda\/producto\/sentimiento\/\" \/>\n<meta property=\"og:locale\" content=\"es_ES\" \/>\n<meta property=\"og:type\" content=\"article\" \/>\n<meta property=\"og:title\" content=\"Sentimiento - La Tienda de Carlos Castro Fot\u00f3grafo:: Decora con Fotos\" \/>\n<meta property=\"og:description\" content=\"Una fotograf\u00eda entra\u00f1able de dos seres que se quieren...\" \/>\n<meta property=\"og:url\" content=\"https:\/\/www.carloscastrofotografo.com\/tienda\/producto\/sentimiento\/\" \/>\n<meta property=\"og:site_name\" content=\"La Tienda de Carlos Castro Fot\u00f3grafo:: Decora con Fotos\" \/>\n<meta property=\"article:modified_time\" content=\"2022-04-08T17:48:55+00:00\" \/>\n<meta property=\"og:image\" content=\"https:\/\/www.carloscastrofotografo.com\/tienda\/wp-content\/uploads\/2016\/04\/monos.jpg\" \/>\n\t<meta property=\"og:image:width\" content=\"1020\" \/>\n\t<meta property=\"og:image:height\" content=\"1200\" \/>\n\t<meta property=\"og:image:type\" content=\"image\/jpeg\" \/>\n<meta name=\"twitter:card\" content=\"summary_large_image\" \/>\n<script type=\"application\/ld+json\" class=\"yoast-schema-graph\">{\"@context\":\"https:\/\/schema.org\",\"@graph\":[{\"@type\":\"WebPage\",\"@id\":\"https:\/\/www.carloscastrofotografo.com\/tienda\/producto\/sentimiento\/\",\"url\":\"https:\/\/www.carloscastrofotografo.com\/tienda\/producto\/sentimiento\/\",\"name\":\"Sentimiento - La Tienda de Carlos Castro Fot\u00f3grafo:: Decora con Fotos\",\"isPartOf\":{\"@id\":\"https:\/\/www.carloscastrofotografo.com\/tienda\/#website\"},\"primaryImageOfPage\":{\"@id\":\"https:\/\/www.carloscastrofotografo.com\/tienda\/producto\/sentimiento\/#primaryimage\"},\"image\":{\"@id\":\"https:\/\/www.carloscastrofotografo.com\/tienda\/producto\/sentimiento\/#primaryimage\"},\"thumbnailUrl\":\"https:\/\/www.carloscastrofotografo.com\/tienda\/wp-content\/uploads\/2016\/04\/monos.jpg\",\"datePublished\":\"2016-04-11T13:13:21+00:00\",\"dateModified\":\"2022-04-08T17:48:55+00:00\",\"breadcrumb\":{\"@id\":\"https:\/\/www.carloscastrofotografo.com\/tienda\/producto\/sentimiento\/#breadcrumb\"},\"inLanguage\":\"es\",\"potentialAction\":[{\"@type\":\"ReadAction\",\"target\":[\"https:\/\/www.carloscastrofotografo.com\/tienda\/producto\/sentimiento\/\"]}]},{\"@type\":\"ImageObject\",\"inLanguage\":\"es\",\"@id\":\"https:\/\/www.carloscastrofotografo.com\/tienda\/producto\/sentimiento\/#primaryimage\",\"url\":\"https:\/\/www.carloscastrofotografo.com\/tienda\/wp-content\/uploads\/2016\/04\/monos.jpg\",\"contentUrl\":\"https:\/\/www.carloscastrofotografo.com\/tienda\/wp-content\/uploads\/2016\/04\/monos.jpg\",\"width\":1020,\"height\":1200},{\"@type\":\"BreadcrumbList\",\"@id\":\"https:\/\/www.carloscastrofotografo.com\/tienda\/producto\/sentimiento\/#breadcrumb\",\"itemListElement\":[{\"@type\":\"ListItem\",\"position\":1,\"name\":\"Portada\",\"item\":\"https:\/\/www.carloscastrofotografo.com\/tienda\/\"},{\"@type\":\"ListItem\",\"position\":2,\"name\":\"Tienda\",\"item\":\"https:\/\/www.carloscastrofotografo.com\/tienda\/tienda\/\"},{\"@type\":\"ListItem\",\"position\":3,\"name\":\"Sentimiento\"}]},{\"@type\":\"WebSite\",\"@id\":\"https:\/\/www.carloscastrofotografo.com\/tienda\/#website\",\"url\":\"https:\/\/www.carloscastrofotografo.com\/tienda\/\",\"name\":\"La Tienda de Carlos Castro Fot\u00f3grafo:: Decora con Fotos\",\"description\":\"Fotograf\u00edas de Stock para tu web o en papel para decorar, distintos acabados\",\"potentialAction\":[{\"@type\":\"SearchAction\",\"target\":{\"@type\":\"EntryPoint\",\"urlTemplate\":\"https:\/\/www.carloscastrofotografo.com\/tienda\/?s={search_term_string}\"},\"query-input\":{\"@type\":\"PropertyValueSpecification\",\"valueRequired\":true,\"valueName\":\"search_term_string\"}}],\"inLanguage\":\"es\"}]}<\/script>\n<!-- \/ Yoast SEO plugin. -->","yoast_head_json":{"title":"Sentimiento - La Tienda de Carlos Castro Fot\u00f3grafo:: Decora con Fotos","robots":{"index":"index","follow":"follow","max-snippet":"max-snippet:-1","max-image-preview":"max-image-preview:large","max-video-preview":"max-video-preview:-1"},"canonical":"https:\/\/www.carloscastrofotografo.com\/tienda\/producto\/sentimiento\/","og_locale":"es_ES","og_type":"article","og_title":"Sentimiento - La Tienda de Carlos Castro Fot\u00f3grafo:: Decora con Fotos","og_description":"Una fotograf\u00eda entra\u00f1able de dos seres que se quieren...","og_url":"https:\/\/www.carloscastrofotografo.com\/tienda\/producto\/sentimiento\/","og_site_name":"La Tienda de Carlos Castro Fot\u00f3grafo:: Decora con Fotos","article_modified_time":"2022-04-08T17:48:55+00:00","og_image":[{"width":1020,"height":1200,"url":"https:\/\/www.carloscastrofotografo.com\/tienda\/wp-content\/uploads\/2016\/04\/monos.jpg","type":"image\/jpeg"}],"twitter_card":"summary_large_image","schema":{"@context":"https:\/\/schema.org","@graph":[{"@type":"WebPage","@id":"https:\/\/www.carloscastrofotografo.com\/tienda\/producto\/sentimiento\/","url":"https:\/\/www.carloscastrofotografo.com\/tienda\/producto\/sentimiento\/","name":"Sentimiento - La Tienda de Carlos Castro Fot\u00f3grafo:: Decora con Fotos","isPartOf":{"@id":"https:\/\/www.carloscastrofotografo.com\/tienda\/#website"},"primaryImageOfPage":{"@id":"https:\/\/www.carloscastrofotografo.com\/tienda\/producto\/sentimiento\/#primaryimage"},"image":{"@id":"https:\/\/www.carloscastrofotografo.com\/tienda\/producto\/sentimiento\/#primaryimage"},"thumbnailUrl":"https:\/\/www.carloscastrofotografo.com\/tienda\/wp-content\/uploads\/2016\/04\/monos.jpg","datePublished":"2016-04-11T13:13:21+00:00","dateModified":"2022-04-08T17:48:55+00:00","breadcrumb":{"@id":"https:\/\/www.carloscastrofotografo.com\/tienda\/producto\/sentimiento\/#breadcrumb"},"inLanguage":"es","potentialAction":[{"@type":"ReadAction","target":["https:\/\/www.carloscastrofotografo.com\/tienda\/producto\/sentimiento\/"]}]},{"@type":"ImageObject","inLanguage":"es","@id":"https:\/\/www.carloscastrofotografo.com\/tienda\/producto\/sentimiento\/#primaryimage","url":"https:\/\/www.carloscastrofotografo.com\/tienda\/wp-content\/uploads\/2016\/04\/monos.jpg","contentUrl":"https:\/\/www.carloscastrofotografo.com\/tienda\/wp-content\/uploads\/2016\/04\/monos.jpg","width":1020,"height":1200},{"@type":"BreadcrumbList","@id":"https:\/\/www.carloscastrofotografo.com\/tienda\/producto\/sentimiento\/#breadcrumb","itemListElement":[{"@type":"ListItem","position":1,"name":"Portada","item":"https:\/\/www.carloscastrofotografo.com\/tienda\/"},{"@type":"ListItem","position":2,"name":"Tienda","item":"https:\/\/www.carloscastrofotografo.com\/tienda\/tienda\/"},{"@type":"ListItem","position":3,"name":"Sentimiento"}]},{"@type":"WebSite","@id":"https:\/\/www.carloscastrofotografo.com\/tienda\/#website","url":"https:\/\/www.carloscastrofotografo.com\/tienda\/","name":"La Tienda de Carlos Castro Fot\u00f3grafo:: Decora con Fotos","description":"Fotograf\u00edas de Stock para tu web o en papel para decorar, distintos acabados","potentialAction":[{"@type":"SearchAction","target":{"@type":"EntryPoint","urlTemplate":"https:\/\/www.carloscastrofotografo.com\/tienda\/?s={search_term_string}"},"query-input":{"@type":"PropertyValueSpecification","valueRequired":true,"valueName":"search_term_string"}}],"inLanguage":"es"}]}},"_links":{"self":[{"href":"https:\/\/www.carloscastrofotografo.com\/tienda\/wp-json\/wp\/v2\/product\/3286","targetHints":{"allow":["GET"]}}],"collection":[{"href":"https:\/\/www.carloscastrofotografo.com\/tienda\/wp-json\/wp\/v2\/product"}],"about":[{"href":"https:\/\/www.carloscastrofotografo.com\/tienda\/wp-json\/wp\/v2\/types\/product"}],"replies":[{"embeddable":true,"href":"https:\/\/www.carloscastrofotografo.com\/tienda\/wp-json\/wp\/v2\/comments?post=3286"}],"wp:featuredmedia":[{"embeddable":true,"href":"https:\/\/www.carloscastrofotografo.com\/tienda\/wp-json\/wp\/v2\/media\/3295"}],"wp:attachment":[{"href":"https:\/\/www.carloscastrofotografo.com\/tienda\/wp-json\/wp\/v2\/media?parent=3286"}],"wp:term":[{"taxonomy":"product_cat","embeddable":true,"href":"https:\/\/www.carloscastrofotografo.com\/tienda\/wp-json\/wp\/v2\/product_cat?post=3286"},{"taxonomy":"product_tag","embeddable":true,"href":"https:\/\/www.carloscastrofotografo.com\/tienda\/wp-json\/wp\/v2\/product_tag?post=3286"}],"curies":[{"name":"wp","href":"https:\/\/api.w.org\/{rel}","templated":true}]}}