{"id":3236,"date":"2016-04-11T14:23:09","date_gmt":"2016-04-11T12:23:09","guid":{"rendered":"http:\/\/www.latiendadefotos.com\/producto\/vista-aerea-inedita-del-jardin-cerro-los-remedios\/"},"modified":"2016-04-11T14:30:13","modified_gmt":"2016-04-11T12:30:13","slug":"vista-aerea-inedita-del-jardin-cerro-los-remedios","status":"publish","type":"product","link":"https:\/\/www.carloscastrofotografo.com\/tienda\/producto\/vista-aerea-inedita-del-jardin-cerro-los-remedios\/","title":{"rendered":"Vista A\u00e9rea in\u00e9dita del Jard\u00edn Cerro de los Remedios"},"content":{"rendered":"<p>Esta fotograf\u00eda horizontal se puede comprar en dos acabados:<\/p>\n<ul>\n<li>Papel fotogr\u00e1fico mate de alta calidad para enmarcar<\/li>\n<li>Montada sobre Foam con part\u00edculas de aluminio de 1cm de Grosor (No hace falta enmarcar)<\/li>\n<\/ul>\n<p>Si necesita otro tama\u00f1o o acabado que no aparece en las opciones de compra, puede enviar un correo a info@latiendadefotos.com o puede tambi\u00e9n rellenar el formulario del apartado contactar.<\/p>\n","protected":false},"excerpt":{"rendered":"<p>Se le conoce como \u00abEl Cerro\u00bb entre los habitantes de V\u00e9lez-M\u00e1laga. Al fondo se ve La fortaleza y San Juan<\/p>\n","protected":false},"featured_media":3245,"comment_status":"open","ping_status":"closed","template":"","meta":[],"product_cat":[41,49,47],"product_tag":[87,252,66,90,253,296,115,91,228,76,298,75,89,71,105,254,297,227,67,255,226,139],"class_list":{"0":"post-3236","1":"product","2":"type-product","3":"status-publish","4":"has-post-thumbnail","6":"product_cat-ciudades","7":"product_cat-aerea","8":"product_cat-monumentos","9":"product_tag-aerea","10":"product_tag-air","11":"product_tag-atardecer","12":"product_tag-axarquia","13":"product_tag-casas","14":"product_tag-cerro","15":"product_tag-costa","16":"product_tag-costa-del-sol","17":"product_tag-fortaleza","18":"product_tag-horizontal","19":"product_tag-jardin","20":"product_tag-landscape","21":"product_tag-malaga","22":"product_tag-naranja","23":"product_tag-orange","24":"product_tag-pueblo","25":"product_tag-remedios","26":"product_tag-san-juan","27":"product_tag-sunset","28":"product_tag-town","29":"product_tag-velez","30":"product_tag-velez-malaga","32":"first","33":"instock","34":"featured","35":"taxable","36":"shipping-taxable","37":"purchasable","38":"product-type-variable"},"yoast_head":"<!-- This site is optimized with the Yoast SEO plugin v23.5 - https:\/\/yoast.com\/wordpress\/plugins\/seo\/ -->\n<title>Vista A\u00e9rea in\u00e9dita del Jard\u00edn Cerro de los Remedios - La Tienda de Carlos Castro Fot\u00f3grafo:: Decora con Fotos<\/title>\n<meta name=\"robots\" content=\"index, follow, max-snippet:-1, max-image-preview:large, max-video-preview:-1\" \/>\n<link rel=\"canonical\" href=\"https:\/\/www.carloscastrofotografo.com\/tienda\/producto\/vista-aerea-inedita-del-jardin-cerro-los-remedios\/\" \/>\n<meta property=\"og:locale\" content=\"es_ES\" \/>\n<meta property=\"og:type\" content=\"article\" \/>\n<meta property=\"og:title\" content=\"Vista A\u00e9rea in\u00e9dita del Jard\u00edn Cerro de los Remedios - La Tienda de Carlos Castro Fot\u00f3grafo:: Decora con Fotos\" \/>\n<meta property=\"og:description\" content=\"Se le conoce como &quot;El Cerro&quot; entre los habitantes de V\u00e9lez-M\u00e1laga. Al fondo se ve La fortaleza y San Juan\" \/>\n<meta property=\"og:url\" content=\"https:\/\/www.carloscastrofotografo.com\/tienda\/producto\/vista-aerea-inedita-del-jardin-cerro-los-remedios\/\" \/>\n<meta property=\"og:site_name\" content=\"La Tienda de Carlos Castro Fot\u00f3grafo:: Decora con Fotos\" \/>\n<meta property=\"article:modified_time\" content=\"2016-04-11T12:30:13+00:00\" \/>\n<meta property=\"og:image\" content=\"https:\/\/www.carloscastrofotografo.com\/tienda\/wp-content\/uploads\/2016\/04\/cerro-velez.jpg\" \/>\n\t<meta property=\"og:image:width\" content=\"1020\" \/>\n\t<meta property=\"og:image:height\" content=\"1200\" \/>\n\t<meta property=\"og:image:type\" content=\"image\/jpeg\" \/>\n<meta name=\"twitter:card\" content=\"summary_large_image\" \/>\n<script type=\"application\/ld+json\" class=\"yoast-schema-graph\">{\"@context\":\"https:\/\/schema.org\",\"@graph\":[{\"@type\":\"WebPage\",\"@id\":\"https:\/\/www.carloscastrofotografo.com\/tienda\/producto\/vista-aerea-inedita-del-jardin-cerro-los-remedios\/\",\"url\":\"https:\/\/www.carloscastrofotografo.com\/tienda\/producto\/vista-aerea-inedita-del-jardin-cerro-los-remedios\/\",\"name\":\"Vista A\u00e9rea in\u00e9dita del Jard\u00edn Cerro de los Remedios - La Tienda de Carlos Castro Fot\u00f3grafo:: Decora con Fotos\",\"isPartOf\":{\"@id\":\"https:\/\/www.carloscastrofotografo.com\/tienda\/#website\"},\"primaryImageOfPage\":{\"@id\":\"https:\/\/www.carloscastrofotografo.com\/tienda\/producto\/vista-aerea-inedita-del-jardin-cerro-los-remedios\/#primaryimage\"},\"image\":{\"@id\":\"https:\/\/www.carloscastrofotografo.com\/tienda\/producto\/vista-aerea-inedita-del-jardin-cerro-los-remedios\/#primaryimage\"},\"thumbnailUrl\":\"https:\/\/www.carloscastrofotografo.com\/tienda\/wp-content\/uploads\/2016\/04\/cerro-velez.jpg\",\"datePublished\":\"2016-04-11T12:23:09+00:00\",\"dateModified\":\"2016-04-11T12:30:13+00:00\",\"breadcrumb\":{\"@id\":\"https:\/\/www.carloscastrofotografo.com\/tienda\/producto\/vista-aerea-inedita-del-jardin-cerro-los-remedios\/#breadcrumb\"},\"inLanguage\":\"es\",\"potentialAction\":[{\"@type\":\"ReadAction\",\"target\":[\"https:\/\/www.carloscastrofotografo.com\/tienda\/producto\/vista-aerea-inedita-del-jardin-cerro-los-remedios\/\"]}]},{\"@type\":\"ImageObject\",\"inLanguage\":\"es\",\"@id\":\"https:\/\/www.carloscastrofotografo.com\/tienda\/producto\/vista-aerea-inedita-del-jardin-cerro-los-remedios\/#primaryimage\",\"url\":\"https:\/\/www.carloscastrofotografo.com\/tienda\/wp-content\/uploads\/2016\/04\/cerro-velez.jpg\",\"contentUrl\":\"https:\/\/www.carloscastrofotografo.com\/tienda\/wp-content\/uploads\/2016\/04\/cerro-velez.jpg\",\"width\":1020,\"height\":1200},{\"@type\":\"BreadcrumbList\",\"@id\":\"https:\/\/www.carloscastrofotografo.com\/tienda\/producto\/vista-aerea-inedita-del-jardin-cerro-los-remedios\/#breadcrumb\",\"itemListElement\":[{\"@type\":\"ListItem\",\"position\":1,\"name\":\"Portada\",\"item\":\"https:\/\/www.carloscastrofotografo.com\/tienda\/\"},{\"@type\":\"ListItem\",\"position\":2,\"name\":\"Tienda\",\"item\":\"https:\/\/www.carloscastrofotografo.com\/tienda\/tienda\/\"},{\"@type\":\"ListItem\",\"position\":3,\"name\":\"Vista A\u00e9rea in\u00e9dita del Jard\u00edn Cerro de los Remedios\"}]},{\"@type\":\"WebSite\",\"@id\":\"https:\/\/www.carloscastrofotografo.com\/tienda\/#website\",\"url\":\"https:\/\/www.carloscastrofotografo.com\/tienda\/\",\"name\":\"La Tienda de Carlos Castro Fot\u00f3grafo:: Decora con Fotos\",\"description\":\"Fotograf\u00edas de Stock para tu web o en papel para decorar, distintos acabados\",\"potentialAction\":[{\"@type\":\"SearchAction\",\"target\":{\"@type\":\"EntryPoint\",\"urlTemplate\":\"https:\/\/www.carloscastrofotografo.com\/tienda\/?s={search_term_string}\"},\"query-input\":{\"@type\":\"PropertyValueSpecification\",\"valueRequired\":true,\"valueName\":\"search_term_string\"}}],\"inLanguage\":\"es\"}]}<\/script>\n<!-- \/ Yoast SEO plugin. -->","yoast_head_json":{"title":"Vista A\u00e9rea in\u00e9dita del Jard\u00edn Cerro de los Remedios - La Tienda de Carlos Castro Fot\u00f3grafo:: Decora con Fotos","robots":{"index":"index","follow":"follow","max-snippet":"max-snippet:-1","max-image-preview":"max-image-preview:large","max-video-preview":"max-video-preview:-1"},"canonical":"https:\/\/www.carloscastrofotografo.com\/tienda\/producto\/vista-aerea-inedita-del-jardin-cerro-los-remedios\/","og_locale":"es_ES","og_type":"article","og_title":"Vista A\u00e9rea in\u00e9dita del Jard\u00edn Cerro de los Remedios - La Tienda de Carlos Castro Fot\u00f3grafo:: Decora con Fotos","og_description":"Se le conoce como \"El Cerro\" entre los habitantes de V\u00e9lez-M\u00e1laga. Al fondo se ve La fortaleza y San Juan","og_url":"https:\/\/www.carloscastrofotografo.com\/tienda\/producto\/vista-aerea-inedita-del-jardin-cerro-los-remedios\/","og_site_name":"La Tienda de Carlos Castro Fot\u00f3grafo:: Decora con Fotos","article_modified_time":"2016-04-11T12:30:13+00:00","og_image":[{"width":1020,"height":1200,"url":"https:\/\/www.carloscastrofotografo.com\/tienda\/wp-content\/uploads\/2016\/04\/cerro-velez.jpg","type":"image\/jpeg"}],"twitter_card":"summary_large_image","schema":{"@context":"https:\/\/schema.org","@graph":[{"@type":"WebPage","@id":"https:\/\/www.carloscastrofotografo.com\/tienda\/producto\/vista-aerea-inedita-del-jardin-cerro-los-remedios\/","url":"https:\/\/www.carloscastrofotografo.com\/tienda\/producto\/vista-aerea-inedita-del-jardin-cerro-los-remedios\/","name":"Vista A\u00e9rea in\u00e9dita del Jard\u00edn Cerro de los Remedios - La Tienda de Carlos Castro Fot\u00f3grafo:: Decora con Fotos","isPartOf":{"@id":"https:\/\/www.carloscastrofotografo.com\/tienda\/#website"},"primaryImageOfPage":{"@id":"https:\/\/www.carloscastrofotografo.com\/tienda\/producto\/vista-aerea-inedita-del-jardin-cerro-los-remedios\/#primaryimage"},"image":{"@id":"https:\/\/www.carloscastrofotografo.com\/tienda\/producto\/vista-aerea-inedita-del-jardin-cerro-los-remedios\/#primaryimage"},"thumbnailUrl":"https:\/\/www.carloscastrofotografo.com\/tienda\/wp-content\/uploads\/2016\/04\/cerro-velez.jpg","datePublished":"2016-04-11T12:23:09+00:00","dateModified":"2016-04-11T12:30:13+00:00","breadcrumb":{"@id":"https:\/\/www.carloscastrofotografo.com\/tienda\/producto\/vista-aerea-inedita-del-jardin-cerro-los-remedios\/#breadcrumb"},"inLanguage":"es","potentialAction":[{"@type":"ReadAction","target":["https:\/\/www.carloscastrofotografo.com\/tienda\/producto\/vista-aerea-inedita-del-jardin-cerro-los-remedios\/"]}]},{"@type":"ImageObject","inLanguage":"es","@id":"https:\/\/www.carloscastrofotografo.com\/tienda\/producto\/vista-aerea-inedita-del-jardin-cerro-los-remedios\/#primaryimage","url":"https:\/\/www.carloscastrofotografo.com\/tienda\/wp-content\/uploads\/2016\/04\/cerro-velez.jpg","contentUrl":"https:\/\/www.carloscastrofotografo.com\/tienda\/wp-content\/uploads\/2016\/04\/cerro-velez.jpg","width":1020,"height":1200},{"@type":"BreadcrumbList","@id":"https:\/\/www.carloscastrofotografo.com\/tienda\/producto\/vista-aerea-inedita-del-jardin-cerro-los-remedios\/#breadcrumb","itemListElement":[{"@type":"ListItem","position":1,"name":"Portada","item":"https:\/\/www.carloscastrofotografo.com\/tienda\/"},{"@type":"ListItem","position":2,"name":"Tienda","item":"https:\/\/www.carloscastrofotografo.com\/tienda\/tienda\/"},{"@type":"ListItem","position":3,"name":"Vista A\u00e9rea in\u00e9dita del Jard\u00edn Cerro de los Remedios"}]},{"@type":"WebSite","@id":"https:\/\/www.carloscastrofotografo.com\/tienda\/#website","url":"https:\/\/www.carloscastrofotografo.com\/tienda\/","name":"La Tienda de Carlos Castro Fot\u00f3grafo:: Decora con Fotos","description":"Fotograf\u00edas de Stock para tu web o en papel para decorar, distintos acabados","potentialAction":[{"@type":"SearchAction","target":{"@type":"EntryPoint","urlTemplate":"https:\/\/www.carloscastrofotografo.com\/tienda\/?s={search_term_string}"},"query-input":{"@type":"PropertyValueSpecification","valueRequired":true,"valueName":"search_term_string"}}],"inLanguage":"es"}]}},"_links":{"self":[{"href":"https:\/\/www.carloscastrofotografo.com\/tienda\/wp-json\/wp\/v2\/product\/3236","targetHints":{"allow":["GET"]}}],"collection":[{"href":"https:\/\/www.carloscastrofotografo.com\/tienda\/wp-json\/wp\/v2\/product"}],"about":[{"href":"https:\/\/www.carloscastrofotografo.com\/tienda\/wp-json\/wp\/v2\/types\/product"}],"replies":[{"embeddable":true,"href":"https:\/\/www.carloscastrofotografo.com\/tienda\/wp-json\/wp\/v2\/comments?post=3236"}],"wp:featuredmedia":[{"embeddable":true,"href":"https:\/\/www.carloscastrofotografo.com\/tienda\/wp-json\/wp\/v2\/media\/3245"}],"wp:attachment":[{"href":"https:\/\/www.carloscastrofotografo.com\/tienda\/wp-json\/wp\/v2\/media?parent=3236"}],"wp:term":[{"taxonomy":"product_cat","embeddable":true,"href":"https:\/\/www.carloscastrofotografo.com\/tienda\/wp-json\/wp\/v2\/product_cat?post=3236"},{"taxonomy":"product_tag","embeddable":true,"href":"https:\/\/www.carloscastrofotografo.com\/tienda\/wp-json\/wp\/v2\/product_tag?post=3236"}],"curies":[{"name":"wp","href":"https:\/\/api.w.org\/{rel}","templated":true}]}}