{"id":473,"date":"2013-08-11T16:31:20","date_gmt":"2013-08-11T16:31:20","guid":{"rendered":"http:\/\/localhost:8888\/test\/?page_id=473"},"modified":"2013-08-11T16:31:20","modified_gmt":"2013-08-11T16:31:20","slug":"wishlist","status":"publish","type":"page","link":"https:\/\/www.carloscastrofotografo.com\/tienda\/wishlist\/","title":{"rendered":"Wishlist"},"content":{"rendered":"<div id=\"yith-wcwl-messages\"><\/div>\n\n\n\n<form id=\"yith-wcwl-form\" action=\"https:\/\/www.carloscastrofotografo.com\/tienda\/lista-de-deseos\/view\/\" method=\"post\" class=\"woocommerce\">\n\n    <input type=\"hidden\" id=\"yith_wcwl_form_nonce\" name=\"yith_wcwl_form_nonce\" value=\"ea0c3834ec\" \/><input type=\"hidden\" name=\"_wp_http_referer\" value=\"\/tienda\/wp-json\/wp\/v2\/pages\/473\" \/>\n    <!-- TITLE -->\n            <div class=\"wishlist-title wishlist-title-with-form\">\n            <h2>Mi lista de Deseos en Tienda de Fotograf\u00edas :: Decora con Fotos :: Env\u00edo a toda Espa\u00f1a<\/h2>                            <a class=\"btn button show-title-form\">\n                    <i class=\"fa fa-pencil\"><\/i>                    Editar t\u00edtulo                <\/a>\n                    <\/div>\n                    <div class=\"hidden-title-form\">\n                <input type=\"text\" value=\"Mi lista de Deseos en Tienda de Fotograf\u00edas :: Decora con Fotos :: Env\u00edo a toda Espa\u00f1a\" name=\"wishlist_name\"\/>\n                <button>\n                    <i class=\"fa fa-check\"><\/i>                    Guardar                <\/button>\n                <a class=\"hide-title-form btn button\">\n                    <i class=\"fa fa-remove\"><\/i>                    Cancel                <\/a>\n            <\/div>\n            \n    <!-- WISHLIST TABLE -->\n    <table class=\"shop_table cart wishlist_table\" data-pagination=\"no\" data-per-page=\"5\" data-page=\"1\" data-id=\"\" data-token=\"\">\n\n        \n        <thead>\n        <tr>\n\n\n            <th class=\"product-name\" colspan=\"3\">\n                <span class=\"nobr\">Product Name<\/span>\n            <\/th>\n\n            \n                <th class=\"product-price\">\n                    <span class=\"nobr\">\n                        Unit Price                    <\/span>\n                <\/th>\n\n            \n            \n                <th class=\"product-stock-stauts\">\n                    <span class=\"nobr\">\n                        Stock Status                    <\/span>\n                <\/th>\n\n            \n            \n                <th class=\"product-add-to-cart\"><\/th>\n\n                    <\/tr>\n        <\/thead>\n\n        <tbody>\n                    <tr>\n                <td colspan=\"5\" class=\"wishlist-empty\">No products were added to the wishlist<\/td>\n            <\/tr>\n                <\/tbody>\n\n        <tfoot>\n        <tr>\n            <td colspan=\"5\" class=\"text-left\">\n                \n                \n                            <\/td>\n        <\/tr>\n        <\/tfoot>\n\n    <\/table>\n\n    <input type=\"hidden\" id=\"yith_wcwl_edit_wishlist\" name=\"yith_wcwl_edit_wishlist\" value=\"9cc87efcf2\" \/><input type=\"hidden\" name=\"_wp_http_referer\" value=\"\/tienda\/wp-json\/wp\/v2\/pages\/473\" \/>\n            <input type=\"hidden\" value=\"\" name=\"wishlist_id\" id=\"wishlist_id\">\n    \n    \n<\/form>\n\n\n\n","protected":false},"excerpt":{"rendered":"","protected":false},"author":1,"featured_media":0,"parent":0,"menu_order":0,"comment_status":"closed","ping_status":"closed","template":"page-my-account.php","meta":{"footnotes":""},"class_list":["post-473","page","type-page","status-publish","hentry"],"yoast_head":"<!-- This site is optimized with the Yoast SEO plugin v23.5 - https:\/\/yoast.com\/wordpress\/plugins\/seo\/ -->\n<title>Wishlist - La Tienda de Carlos Castro Fot\u00f3grafo:: Decora con Fotos<\/title>\n<meta name=\"robots\" content=\"index, follow, max-snippet:-1, max-image-preview:large, max-video-preview:-1\" \/>\n<link rel=\"canonical\" href=\"https:\/\/www.carloscastrofotografo.com\/tienda\/wishlist\/\" \/>\n<meta property=\"og:locale\" content=\"es_ES\" \/>\n<meta property=\"og:type\" content=\"article\" \/>\n<meta property=\"og:title\" content=\"Wishlist - La Tienda de Carlos Castro Fot\u00f3grafo:: Decora con Fotos\" \/>\n<meta property=\"og:url\" content=\"https:\/\/www.carloscastrofotografo.com\/tienda\/wishlist\/\" \/>\n<meta property=\"og:site_name\" content=\"La Tienda de Carlos Castro Fot\u00f3grafo:: Decora con Fotos\" \/>\n<meta name=\"twitter:card\" content=\"summary_large_image\" \/>\n<script type=\"application\/ld+json\" class=\"yoast-schema-graph\">{\"@context\":\"https:\/\/schema.org\",\"@graph\":[{\"@type\":\"WebPage\",\"@id\":\"https:\/\/www.carloscastrofotografo.com\/tienda\/wishlist\/\",\"url\":\"https:\/\/www.carloscastrofotografo.com\/tienda\/wishlist\/\",\"name\":\"Wishlist - La Tienda de Carlos Castro Fot\u00f3grafo:: Decora con Fotos\",\"isPartOf\":{\"@id\":\"https:\/\/www.carloscastrofotografo.com\/tienda\/#website\"},\"datePublished\":\"2013-08-11T16:31:20+00:00\",\"dateModified\":\"2013-08-11T16:31:20+00:00\",\"breadcrumb\":{\"@id\":\"https:\/\/www.carloscastrofotografo.com\/tienda\/wishlist\/#breadcrumb\"},\"inLanguage\":\"es\",\"potentialAction\":[{\"@type\":\"ReadAction\",\"target\":[\"https:\/\/www.carloscastrofotografo.com\/tienda\/wishlist\/\"]}]},{\"@type\":\"BreadcrumbList\",\"@id\":\"https:\/\/www.carloscastrofotografo.com\/tienda\/wishlist\/#breadcrumb\",\"itemListElement\":[{\"@type\":\"ListItem\",\"position\":1,\"name\":\"Portada\",\"item\":\"https:\/\/www.carloscastrofotografo.com\/tienda\/\"},{\"@type\":\"ListItem\",\"position\":2,\"name\":\"Wishlist\"}]},{\"@type\":\"WebSite\",\"@id\":\"https:\/\/www.carloscastrofotografo.com\/tienda\/#website\",\"url\":\"https:\/\/www.carloscastrofotografo.com\/tienda\/\",\"name\":\"La Tienda de Carlos Castro Fot\u00f3grafo:: Decora con Fotos\",\"description\":\"Fotograf\u00edas de Stock para tu web o en papel para decorar, distintos acabados\",\"potentialAction\":[{\"@type\":\"SearchAction\",\"target\":{\"@type\":\"EntryPoint\",\"urlTemplate\":\"https:\/\/www.carloscastrofotografo.com\/tienda\/?s={search_term_string}\"},\"query-input\":{\"@type\":\"PropertyValueSpecification\",\"valueRequired\":true,\"valueName\":\"search_term_string\"}}],\"inLanguage\":\"es\"}]}<\/script>\n<!-- \/ Yoast SEO plugin. -->","yoast_head_json":{"title":"Wishlist - La Tienda de Carlos Castro Fot\u00f3grafo:: Decora con Fotos","robots":{"index":"index","follow":"follow","max-snippet":"max-snippet:-1","max-image-preview":"max-image-preview:large","max-video-preview":"max-video-preview:-1"},"canonical":"https:\/\/www.carloscastrofotografo.com\/tienda\/wishlist\/","og_locale":"es_ES","og_type":"article","og_title":"Wishlist - La Tienda de Carlos Castro Fot\u00f3grafo:: Decora con Fotos","og_url":"https:\/\/www.carloscastrofotografo.com\/tienda\/wishlist\/","og_site_name":"La Tienda de Carlos Castro Fot\u00f3grafo:: Decora con Fotos","twitter_card":"summary_large_image","schema":{"@context":"https:\/\/schema.org","@graph":[{"@type":"WebPage","@id":"https:\/\/www.carloscastrofotografo.com\/tienda\/wishlist\/","url":"https:\/\/www.carloscastrofotografo.com\/tienda\/wishlist\/","name":"Wishlist - La Tienda de Carlos Castro Fot\u00f3grafo:: Decora con Fotos","isPartOf":{"@id":"https:\/\/www.carloscastrofotografo.com\/tienda\/#website"},"datePublished":"2013-08-11T16:31:20+00:00","dateModified":"2013-08-11T16:31:20+00:00","breadcrumb":{"@id":"https:\/\/www.carloscastrofotografo.com\/tienda\/wishlist\/#breadcrumb"},"inLanguage":"es","potentialAction":[{"@type":"ReadAction","target":["https:\/\/www.carloscastrofotografo.com\/tienda\/wishlist\/"]}]},{"@type":"BreadcrumbList","@id":"https:\/\/www.carloscastrofotografo.com\/tienda\/wishlist\/#breadcrumb","itemListElement":[{"@type":"ListItem","position":1,"name":"Portada","item":"https:\/\/www.carloscastrofotografo.com\/tienda\/"},{"@type":"ListItem","position":2,"name":"Wishlist"}]},{"@type":"WebSite","@id":"https:\/\/www.carloscastrofotografo.com\/tienda\/#website","url":"https:\/\/www.carloscastrofotografo.com\/tienda\/","name":"La Tienda de Carlos Castro Fot\u00f3grafo:: Decora con Fotos","description":"Fotograf\u00edas de Stock para tu web o en papel para decorar, distintos acabados","potentialAction":[{"@type":"SearchAction","target":{"@type":"EntryPoint","urlTemplate":"https:\/\/www.carloscastrofotografo.com\/tienda\/?s={search_term_string}"},"query-input":{"@type":"PropertyValueSpecification","valueRequired":true,"valueName":"search_term_string"}}],"inLanguage":"es"}]}},"_links":{"self":[{"href":"https:\/\/www.carloscastrofotografo.com\/tienda\/wp-json\/wp\/v2\/pages\/473","targetHints":{"allow":["GET"]}}],"collection":[{"href":"https:\/\/www.carloscastrofotografo.com\/tienda\/wp-json\/wp\/v2\/pages"}],"about":[{"href":"https:\/\/www.carloscastrofotografo.com\/tienda\/wp-json\/wp\/v2\/types\/page"}],"author":[{"embeddable":true,"href":"https:\/\/www.carloscastrofotografo.com\/tienda\/wp-json\/wp\/v2\/users\/1"}],"replies":[{"embeddable":true,"href":"https:\/\/www.carloscastrofotografo.com\/tienda\/wp-json\/wp\/v2\/comments?post=473"}],"version-history":[{"count":0,"href":"https:\/\/www.carloscastrofotografo.com\/tienda\/wp-json\/wp\/v2\/pages\/473\/revisions"}],"wp:attachment":[{"href":"https:\/\/www.carloscastrofotografo.com\/tienda\/wp-json\/wp\/v2\/media?parent=473"}],"curies":[{"name":"wp","href":"https:\/\/api.w.org\/{rel}","templated":true}]}}