{"id":3714,"date":"2016-04-25T16:07:16","date_gmt":"2016-04-25T14:07:16","guid":{"rendered":"http:\/\/www.latiendadefotos.com\/?page_id=3714"},"modified":"2016-04-25T16:12:01","modified_gmt":"2016-04-25T14:12:01","slug":"acabados-y-calidades","status":"publish","type":"page","link":"https:\/\/www.carloscastrofotografo.com\/tienda\/acabados-y-calidades\/","title":{"rendered":"Acabados y Calidades"},"content":{"rendered":"<h3>Papel Fotogr\u00e1fico<\/h3>\n<p>Trabajamos con los mejores laboratorios de Revelado. La fotograf\u00eda se entrega en papel Fuji SEDA Profesional de alta calidad. Garantizamos\u00a0que los colores no pierden la pigmentaci\u00f3n original\u00a0durante\u00a0100\u00a0a\u00f1os.<div class=\"ux-img-container \"><img decoding=\"async\" src=\"https:\/\/www.carloscastrofotografo.com\/tienda\/wp-content\/uploads\/2016\/04\/papel-fuji-seda.jpg\" alt=\"\" title=\"\" style=\"bottom:-0px\"\/><\/div>\n<h3>Foam Aluminio<\/h3>\n<p>El Foam de aluminio es m\u00e1s resistent que el normal frente a las deformaciones causadas por los cambios de temperatura y humedad. Utilizamos las primeras marcas (KAPAFIX y EFAFIX).<\/p>\n<p>Esta es muy buena opci\u00f3n para colgar en la pared sin necesidad de marco y no es tan pesada como un foto-lienzo.<div class=\"ux-img-container \"><img decoding=\"async\" src=\"https:\/\/www.carloscastrofotografo.com\/tienda\/wp-content\/uploads\/2016\/04\/cartonpluma-5B1-5D.jpg\" alt=\"\" title=\"\" style=\"bottom:-0px\"\/><\/div>\n<div class=\"ux-img-container \"><img decoding=\"async\" src=\"https:\/\/www.carloscastrofotografo.com\/tienda\/wp-content\/uploads\/2016\/04\/foam-foto2.jpg\" alt=\"\" title=\"\" style=\"bottom:-0px\"\/><\/div>\n","protected":false},"excerpt":{"rendered":"<p>Papel Fotogr\u00e1fico Trabajamos con los mejores laboratorios de Revelado. La fotograf\u00eda se entrega en papel Fuji SEDA Profesional de alta calidad. Garantizamos\u00a0que los colores no pierden la pigmentaci\u00f3n original\u00a0durante\u00a0100\u00a0a\u00f1os. Foam Aluminio El Foam de aluminio es m\u00e1s resistent que el normal frente a las deformaciones causadas por los cambios de temperatura y humedad. Utilizamos las [&hellip;]\n","protected":false},"author":1,"featured_media":0,"parent":0,"menu_order":0,"comment_status":"closed","ping_status":"closed","template":"","meta":{"footnotes":""},"class_list":["post-3714","page","type-page","status-publish","hentry"],"yoast_head":"<!-- This site is optimized with the Yoast SEO plugin v23.5 - https:\/\/yoast.com\/wordpress\/plugins\/seo\/ -->\n<title>Acabados y Calidades - La Tienda de Carlos Castro Fot\u00f3grafo:: Decora con Fotos<\/title>\n<meta name=\"robots\" content=\"index, follow, max-snippet:-1, max-image-preview:large, max-video-preview:-1\" \/>\n<link rel=\"canonical\" href=\"https:\/\/www.carloscastrofotografo.com\/tienda\/acabados-y-calidades\/\" \/>\n<meta property=\"og:locale\" content=\"es_ES\" \/>\n<meta property=\"og:type\" content=\"article\" \/>\n<meta property=\"og:title\" content=\"Acabados y Calidades - La Tienda de Carlos Castro Fot\u00f3grafo:: Decora con Fotos\" \/>\n<meta property=\"og:description\" content=\"Papel Fotogr\u00e1fico Trabajamos con los mejores laboratorios de Revelado. La fotograf\u00eda se entrega en papel Fuji SEDA Profesional de alta calidad. Garantizamos\u00a0que los colores no pierden la pigmentaci\u00f3n original\u00a0durante\u00a0100\u00a0a\u00f1os. Foam Aluminio El Foam de aluminio es m\u00e1s resistent que el normal frente a las deformaciones causadas por los cambios de temperatura y humedad. Utilizamos las [&hellip;]\" \/>\n<meta property=\"og:url\" content=\"https:\/\/www.carloscastrofotografo.com\/tienda\/acabados-y-calidades\/\" \/>\n<meta property=\"og:site_name\" content=\"La Tienda de Carlos Castro Fot\u00f3grafo:: Decora con Fotos\" \/>\n<meta property=\"article:modified_time\" content=\"2016-04-25T14:12:01+00:00\" \/>\n<meta name=\"twitter:card\" content=\"summary_large_image\" \/>\n<meta name=\"twitter:label1\" content=\"Tiempo de lectura\" \/>\n\t<meta name=\"twitter:data1\" content=\"1 minuto\" \/>\n<script type=\"application\/ld+json\" class=\"yoast-schema-graph\">{\"@context\":\"https:\/\/schema.org\",\"@graph\":[{\"@type\":\"WebPage\",\"@id\":\"https:\/\/www.carloscastrofotografo.com\/tienda\/acabados-y-calidades\/\",\"url\":\"https:\/\/www.carloscastrofotografo.com\/tienda\/acabados-y-calidades\/\",\"name\":\"Acabados y Calidades - La Tienda de Carlos Castro Fot\u00f3grafo:: Decora con Fotos\",\"isPartOf\":{\"@id\":\"https:\/\/www.carloscastrofotografo.com\/tienda\/#website\"},\"datePublished\":\"2016-04-25T14:07:16+00:00\",\"dateModified\":\"2016-04-25T14:12:01+00:00\",\"breadcrumb\":{\"@id\":\"https:\/\/www.carloscastrofotografo.com\/tienda\/acabados-y-calidades\/#breadcrumb\"},\"inLanguage\":\"es\",\"potentialAction\":[{\"@type\":\"ReadAction\",\"target\":[\"https:\/\/www.carloscastrofotografo.com\/tienda\/acabados-y-calidades\/\"]}]},{\"@type\":\"BreadcrumbList\",\"@id\":\"https:\/\/www.carloscastrofotografo.com\/tienda\/acabados-y-calidades\/#breadcrumb\",\"itemListElement\":[{\"@type\":\"ListItem\",\"position\":1,\"name\":\"Portada\",\"item\":\"https:\/\/www.carloscastrofotografo.com\/tienda\/\"},{\"@type\":\"ListItem\",\"position\":2,\"name\":\"Acabados y Calidades\"}]},{\"@type\":\"WebSite\",\"@id\":\"https:\/\/www.carloscastrofotografo.com\/tienda\/#website\",\"url\":\"https:\/\/www.carloscastrofotografo.com\/tienda\/\",\"name\":\"La Tienda de Carlos Castro Fot\u00f3grafo:: Decora con Fotos\",\"description\":\"Fotograf\u00edas de Stock para tu web o en papel para decorar, distintos acabados\",\"potentialAction\":[{\"@type\":\"SearchAction\",\"target\":{\"@type\":\"EntryPoint\",\"urlTemplate\":\"https:\/\/www.carloscastrofotografo.com\/tienda\/?s={search_term_string}\"},\"query-input\":{\"@type\":\"PropertyValueSpecification\",\"valueRequired\":true,\"valueName\":\"search_term_string\"}}],\"inLanguage\":\"es\"}]}<\/script>\n<!-- \/ Yoast SEO plugin. -->","yoast_head_json":{"title":"Acabados y Calidades - La Tienda de Carlos Castro Fot\u00f3grafo:: Decora con Fotos","robots":{"index":"index","follow":"follow","max-snippet":"max-snippet:-1","max-image-preview":"max-image-preview:large","max-video-preview":"max-video-preview:-1"},"canonical":"https:\/\/www.carloscastrofotografo.com\/tienda\/acabados-y-calidades\/","og_locale":"es_ES","og_type":"article","og_title":"Acabados y Calidades - La Tienda de Carlos Castro Fot\u00f3grafo:: Decora con Fotos","og_description":"Papel Fotogr\u00e1fico Trabajamos con los mejores laboratorios de Revelado. La fotograf\u00eda se entrega en papel Fuji SEDA Profesional de alta calidad. Garantizamos\u00a0que los colores no pierden la pigmentaci\u00f3n original\u00a0durante\u00a0100\u00a0a\u00f1os. Foam Aluminio El Foam de aluminio es m\u00e1s resistent que el normal frente a las deformaciones causadas por los cambios de temperatura y humedad. Utilizamos las [&hellip;]","og_url":"https:\/\/www.carloscastrofotografo.com\/tienda\/acabados-y-calidades\/","og_site_name":"La Tienda de Carlos Castro Fot\u00f3grafo:: Decora con Fotos","article_modified_time":"2016-04-25T14:12:01+00:00","twitter_card":"summary_large_image","twitter_misc":{"Tiempo de lectura":"1 minuto"},"schema":{"@context":"https:\/\/schema.org","@graph":[{"@type":"WebPage","@id":"https:\/\/www.carloscastrofotografo.com\/tienda\/acabados-y-calidades\/","url":"https:\/\/www.carloscastrofotografo.com\/tienda\/acabados-y-calidades\/","name":"Acabados y Calidades - La Tienda de Carlos Castro Fot\u00f3grafo:: Decora con Fotos","isPartOf":{"@id":"https:\/\/www.carloscastrofotografo.com\/tienda\/#website"},"datePublished":"2016-04-25T14:07:16+00:00","dateModified":"2016-04-25T14:12:01+00:00","breadcrumb":{"@id":"https:\/\/www.carloscastrofotografo.com\/tienda\/acabados-y-calidades\/#breadcrumb"},"inLanguage":"es","potentialAction":[{"@type":"ReadAction","target":["https:\/\/www.carloscastrofotografo.com\/tienda\/acabados-y-calidades\/"]}]},{"@type":"BreadcrumbList","@id":"https:\/\/www.carloscastrofotografo.com\/tienda\/acabados-y-calidades\/#breadcrumb","itemListElement":[{"@type":"ListItem","position":1,"name":"Portada","item":"https:\/\/www.carloscastrofotografo.com\/tienda\/"},{"@type":"ListItem","position":2,"name":"Acabados y Calidades"}]},{"@type":"WebSite","@id":"https:\/\/www.carloscastrofotografo.com\/tienda\/#website","url":"https:\/\/www.carloscastrofotografo.com\/tienda\/","name":"La Tienda de Carlos Castro Fot\u00f3grafo:: Decora con Fotos","description":"Fotograf\u00edas de Stock para tu web o en papel para decorar, distintos acabados","potentialAction":[{"@type":"SearchAction","target":{"@type":"EntryPoint","urlTemplate":"https:\/\/www.carloscastrofotografo.com\/tienda\/?s={search_term_string}"},"query-input":{"@type":"PropertyValueSpecification","valueRequired":true,"valueName":"search_term_string"}}],"inLanguage":"es"}]}},"_links":{"self":[{"href":"https:\/\/www.carloscastrofotografo.com\/tienda\/wp-json\/wp\/v2\/pages\/3714","targetHints":{"allow":["GET"]}}],"collection":[{"href":"https:\/\/www.carloscastrofotografo.com\/tienda\/wp-json\/wp\/v2\/pages"}],"about":[{"href":"https:\/\/www.carloscastrofotografo.com\/tienda\/wp-json\/wp\/v2\/types\/page"}],"author":[{"embeddable":true,"href":"https:\/\/www.carloscastrofotografo.com\/tienda\/wp-json\/wp\/v2\/users\/1"}],"replies":[{"embeddable":true,"href":"https:\/\/www.carloscastrofotografo.com\/tienda\/wp-json\/wp\/v2\/comments?post=3714"}],"version-history":[{"count":8,"href":"https:\/\/www.carloscastrofotografo.com\/tienda\/wp-json\/wp\/v2\/pages\/3714\/revisions"}],"predecessor-version":[{"id":3726,"href":"https:\/\/www.carloscastrofotografo.com\/tienda\/wp-json\/wp\/v2\/pages\/3714\/revisions\/3726"}],"wp:attachment":[{"href":"https:\/\/www.carloscastrofotografo.com\/tienda\/wp-json\/wp\/v2\/media?parent=3714"}],"curies":[{"name":"wp","href":"https:\/\/api.w.org\/{rel}","templated":true}]}}