{"id":3166,"date":"2016-04-11T13:01:33","date_gmt":"2016-04-11T11:01:33","guid":{"rendered":"http:\/\/www.latiendadefotos.com\/?page_id=3166"},"modified":"2016-04-11T13:10:34","modified_gmt":"2016-04-11T11:10:34","slug":"sobre-mi","status":"publish","type":"page","link":"https:\/\/www.carloscastrofotografo.com\/tienda\/sobre-mi\/","title":{"rendered":"Sobre m\u00ed"},"content":{"rendered":"<p class=\"lead text-center\">Jos\u00e9 Carlos Castro Garc\u00eda, nace en M\u00e1laga (Espa\u00f1a) en agosto de 1982. Actualmente reside en V\u00e9lez-M\u00e1laga.<\/p>\n<p><img loading=\"lazy\" decoding=\"async\" class=\"alignleft size-full wp-image-3171\" src=\"http:\/\/www.latiendadefotos.com\/wp-content\/uploads\/2016\/04\/foto.jpg\" alt=\"foto\" width=\"239\" height=\"219\" \/><img loading=\"lazy\" decoding=\"async\" class=\"alignright wp-image-3173 \" src=\"http:\/\/www.latiendadefotos.com\/wp-content\/uploads\/2016\/04\/auto-retrato-subir-534x800.jpg\" alt=\"auto-retrato-subir\" width=\"255\" height=\"382\" srcset=\"https:\/\/www.carloscastrofotografo.com\/tienda\/wp-content\/uploads\/2016\/04\/auto-retrato-subir-534x800.jpg 534w, https:\/\/www.carloscastrofotografo.com\/tienda\/wp-content\/uploads\/2016\/04\/auto-retrato-subir-510x765.jpg 510w, https:\/\/www.carloscastrofotografo.com\/tienda\/wp-content\/uploads\/2016\/04\/auto-retrato-subir.jpg 667w\" sizes=\"auto, (max-width: 255px) 100vw, 255px\" \/>Descubre la fotograf\u00eda en 2002, afici\u00f3n que ir\u00eda aumentando a\u00f1os despu\u00e9s y compaginando con su trabajo de Inform\u00e1tico.<\/p>\n<p>Comienza su actividad profesional como fot\u00f3grafo, trabajando junto al publicista Germ\u00e1n Campos (Revista Todo) en el cartel publicit\u00e1rio de un musical de Disney (protagonizado por Gisela Llad\u00f3, Operacion Triunfo 1).<\/p>\n<p>Actualmente se dedica profesionalmente a la fotograf\u00eda, producci\u00f3n de v\u00eddeo e inform\u00e1tica.<\/p>\n<p>En Diciembre de 2012 particip\u00f3 junto con varios compa\u00f1eros fot\u00f3grafos en el nacimiento del colectivo fotogr\u00e1fico ENFOQUES.<\/p>\n<p>Ha sido galardonado con algunos premios en concursos fotogr\u00e1ficos, como por ejemplo el Premio Mirades 2009 que patrocinaba Banco Sabadell.<\/p>\n<p>Actualmente realiza trabajos para cliente final, empresas y organismos p\u00fablicos (ayuntamientos, Diputaciones, etc..). Colabora con Revista Todo y diversas publicaciones Tur\u00edsticas.<\/p>\n<hr \/>\n","protected":false},"excerpt":{"rendered":"<p>Jos\u00e9 Carlos Castro Garc\u00eda, nace en M\u00e1laga (Espa\u00f1a) en agosto de 1982. Actualmente reside en V\u00e9lez-M\u00e1laga. Descubre la fotograf\u00eda en 2002, afici\u00f3n que ir\u00eda aumentando a\u00f1os despu\u00e9s y compaginando con su trabajo de Inform\u00e1tico. Comienza su actividad profesional como fot\u00f3grafo, trabajando junto al publicista Germ\u00e1n Campos (Revista Todo) en el cartel publicit\u00e1rio de un musical [&hellip;]\n","protected":false},"author":1,"featured_media":0,"parent":0,"menu_order":0,"comment_status":"closed","ping_status":"closed","template":"","meta":{"footnotes":""},"class_list":["post-3166","page","type-page","status-publish","hentry"],"yoast_head":"<!-- This site is optimized with the Yoast SEO plugin v23.5 - https:\/\/yoast.com\/wordpress\/plugins\/seo\/ -->\n<title>Sobre m\u00ed - La Tienda de Carlos Castro Fot\u00f3grafo:: Decora con Fotos<\/title>\n<meta name=\"robots\" content=\"index, follow, max-snippet:-1, max-image-preview:large, max-video-preview:-1\" \/>\n<link rel=\"canonical\" href=\"https:\/\/www.carloscastrofotografo.com\/tienda\/sobre-mi\/\" \/>\n<meta property=\"og:locale\" content=\"es_ES\" \/>\n<meta property=\"og:type\" content=\"article\" \/>\n<meta property=\"og:title\" content=\"Sobre m\u00ed - La Tienda de Carlos Castro Fot\u00f3grafo:: Decora con Fotos\" \/>\n<meta property=\"og:description\" content=\"Jos\u00e9 Carlos Castro Garc\u00eda, nace en M\u00e1laga (Espa\u00f1a) en agosto de 1982. Actualmente reside en V\u00e9lez-M\u00e1laga. Descubre la fotograf\u00eda en 2002, afici\u00f3n que ir\u00eda aumentando a\u00f1os despu\u00e9s y compaginando con su trabajo de Inform\u00e1tico. Comienza su actividad profesional como fot\u00f3grafo, trabajando junto al publicista Germ\u00e1n Campos (Revista Todo) en el cartel publicit\u00e1rio de un musical [&hellip;]\" \/>\n<meta property=\"og:url\" content=\"https:\/\/www.carloscastrofotografo.com\/tienda\/sobre-mi\/\" \/>\n<meta property=\"og:site_name\" content=\"La Tienda de Carlos Castro Fot\u00f3grafo:: Decora con Fotos\" \/>\n<meta property=\"article:modified_time\" content=\"2016-04-11T11:10:34+00:00\" \/>\n<meta property=\"og:image\" content=\"http:\/\/www.latiendadefotos.com\/wp-content\/uploads\/2016\/04\/foto.jpg\" \/>\n<meta name=\"twitter:card\" content=\"summary_large_image\" \/>\n<meta name=\"twitter:label1\" content=\"Tiempo de lectura\" \/>\n\t<meta name=\"twitter:data1\" content=\"1 minuto\" \/>\n<script type=\"application\/ld+json\" class=\"yoast-schema-graph\">{\"@context\":\"https:\/\/schema.org\",\"@graph\":[{\"@type\":\"WebPage\",\"@id\":\"https:\/\/www.carloscastrofotografo.com\/tienda\/sobre-mi\/\",\"url\":\"https:\/\/www.carloscastrofotografo.com\/tienda\/sobre-mi\/\",\"name\":\"Sobre m\u00ed - La Tienda de Carlos Castro Fot\u00f3grafo:: Decora con Fotos\",\"isPartOf\":{\"@id\":\"https:\/\/www.carloscastrofotografo.com\/tienda\/#website\"},\"primaryImageOfPage\":{\"@id\":\"https:\/\/www.carloscastrofotografo.com\/tienda\/sobre-mi\/#primaryimage\"},\"image\":{\"@id\":\"https:\/\/www.carloscastrofotografo.com\/tienda\/sobre-mi\/#primaryimage\"},\"thumbnailUrl\":\"http:\/\/www.latiendadefotos.com\/wp-content\/uploads\/2016\/04\/foto.jpg\",\"datePublished\":\"2016-04-11T11:01:33+00:00\",\"dateModified\":\"2016-04-11T11:10:34+00:00\",\"breadcrumb\":{\"@id\":\"https:\/\/www.carloscastrofotografo.com\/tienda\/sobre-mi\/#breadcrumb\"},\"inLanguage\":\"es\",\"potentialAction\":[{\"@type\":\"ReadAction\",\"target\":[\"https:\/\/www.carloscastrofotografo.com\/tienda\/sobre-mi\/\"]}]},{\"@type\":\"ImageObject\",\"inLanguage\":\"es\",\"@id\":\"https:\/\/www.carloscastrofotografo.com\/tienda\/sobre-mi\/#primaryimage\",\"url\":\"http:\/\/www.latiendadefotos.com\/wp-content\/uploads\/2016\/04\/foto.jpg\",\"contentUrl\":\"http:\/\/www.latiendadefotos.com\/wp-content\/uploads\/2016\/04\/foto.jpg\"},{\"@type\":\"BreadcrumbList\",\"@id\":\"https:\/\/www.carloscastrofotografo.com\/tienda\/sobre-mi\/#breadcrumb\",\"itemListElement\":[{\"@type\":\"ListItem\",\"position\":1,\"name\":\"Portada\",\"item\":\"https:\/\/www.carloscastrofotografo.com\/tienda\/\"},{\"@type\":\"ListItem\",\"position\":2,\"name\":\"Sobre m\u00ed\"}]},{\"@type\":\"WebSite\",\"@id\":\"https:\/\/www.carloscastrofotografo.com\/tienda\/#website\",\"url\":\"https:\/\/www.carloscastrofotografo.com\/tienda\/\",\"name\":\"La Tienda de Carlos Castro Fot\u00f3grafo:: Decora con Fotos\",\"description\":\"Fotograf\u00edas de Stock para tu web o en papel para decorar, distintos acabados\",\"potentialAction\":[{\"@type\":\"SearchAction\",\"target\":{\"@type\":\"EntryPoint\",\"urlTemplate\":\"https:\/\/www.carloscastrofotografo.com\/tienda\/?s={search_term_string}\"},\"query-input\":{\"@type\":\"PropertyValueSpecification\",\"valueRequired\":true,\"valueName\":\"search_term_string\"}}],\"inLanguage\":\"es\"}]}<\/script>\n<!-- \/ Yoast SEO plugin. -->","yoast_head_json":{"title":"Sobre m\u00ed - La Tienda de Carlos Castro Fot\u00f3grafo:: Decora con Fotos","robots":{"index":"index","follow":"follow","max-snippet":"max-snippet:-1","max-image-preview":"max-image-preview:large","max-video-preview":"max-video-preview:-1"},"canonical":"https:\/\/www.carloscastrofotografo.com\/tienda\/sobre-mi\/","og_locale":"es_ES","og_type":"article","og_title":"Sobre m\u00ed - La Tienda de Carlos Castro Fot\u00f3grafo:: Decora con Fotos","og_description":"Jos\u00e9 Carlos Castro Garc\u00eda, nace en M\u00e1laga (Espa\u00f1a) en agosto de 1982. Actualmente reside en V\u00e9lez-M\u00e1laga. Descubre la fotograf\u00eda en 2002, afici\u00f3n que ir\u00eda aumentando a\u00f1os despu\u00e9s y compaginando con su trabajo de Inform\u00e1tico. Comienza su actividad profesional como fot\u00f3grafo, trabajando junto al publicista Germ\u00e1n Campos (Revista Todo) en el cartel publicit\u00e1rio de un musical [&hellip;]","og_url":"https:\/\/www.carloscastrofotografo.com\/tienda\/sobre-mi\/","og_site_name":"La Tienda de Carlos Castro Fot\u00f3grafo:: Decora con Fotos","article_modified_time":"2016-04-11T11:10:34+00:00","og_image":[{"url":"http:\/\/www.latiendadefotos.com\/wp-content\/uploads\/2016\/04\/foto.jpg"}],"twitter_card":"summary_large_image","twitter_misc":{"Tiempo de lectura":"1 minuto"},"schema":{"@context":"https:\/\/schema.org","@graph":[{"@type":"WebPage","@id":"https:\/\/www.carloscastrofotografo.com\/tienda\/sobre-mi\/","url":"https:\/\/www.carloscastrofotografo.com\/tienda\/sobre-mi\/","name":"Sobre m\u00ed - La Tienda de Carlos Castro Fot\u00f3grafo:: Decora con Fotos","isPartOf":{"@id":"https:\/\/www.carloscastrofotografo.com\/tienda\/#website"},"primaryImageOfPage":{"@id":"https:\/\/www.carloscastrofotografo.com\/tienda\/sobre-mi\/#primaryimage"},"image":{"@id":"https:\/\/www.carloscastrofotografo.com\/tienda\/sobre-mi\/#primaryimage"},"thumbnailUrl":"http:\/\/www.latiendadefotos.com\/wp-content\/uploads\/2016\/04\/foto.jpg","datePublished":"2016-04-11T11:01:33+00:00","dateModified":"2016-04-11T11:10:34+00:00","breadcrumb":{"@id":"https:\/\/www.carloscastrofotografo.com\/tienda\/sobre-mi\/#breadcrumb"},"inLanguage":"es","potentialAction":[{"@type":"ReadAction","target":["https:\/\/www.carloscastrofotografo.com\/tienda\/sobre-mi\/"]}]},{"@type":"ImageObject","inLanguage":"es","@id":"https:\/\/www.carloscastrofotografo.com\/tienda\/sobre-mi\/#primaryimage","url":"http:\/\/www.latiendadefotos.com\/wp-content\/uploads\/2016\/04\/foto.jpg","contentUrl":"http:\/\/www.latiendadefotos.com\/wp-content\/uploads\/2016\/04\/foto.jpg"},{"@type":"BreadcrumbList","@id":"https:\/\/www.carloscastrofotografo.com\/tienda\/sobre-mi\/#breadcrumb","itemListElement":[{"@type":"ListItem","position":1,"name":"Portada","item":"https:\/\/www.carloscastrofotografo.com\/tienda\/"},{"@type":"ListItem","position":2,"name":"Sobre m\u00ed"}]},{"@type":"WebSite","@id":"https:\/\/www.carloscastrofotografo.com\/tienda\/#website","url":"https:\/\/www.carloscastrofotografo.com\/tienda\/","name":"La Tienda de Carlos Castro Fot\u00f3grafo:: Decora con Fotos","description":"Fotograf\u00edas de Stock para tu web o en papel para decorar, distintos acabados","potentialAction":[{"@type":"SearchAction","target":{"@type":"EntryPoint","urlTemplate":"https:\/\/www.carloscastrofotografo.com\/tienda\/?s={search_term_string}"},"query-input":{"@type":"PropertyValueSpecification","valueRequired":true,"valueName":"search_term_string"}}],"inLanguage":"es"}]}},"_links":{"self":[{"href":"https:\/\/www.carloscastrofotografo.com\/tienda\/wp-json\/wp\/v2\/pages\/3166","targetHints":{"allow":["GET"]}}],"collection":[{"href":"https:\/\/www.carloscastrofotografo.com\/tienda\/wp-json\/wp\/v2\/pages"}],"about":[{"href":"https:\/\/www.carloscastrofotografo.com\/tienda\/wp-json\/wp\/v2\/types\/page"}],"author":[{"embeddable":true,"href":"https:\/\/www.carloscastrofotografo.com\/tienda\/wp-json\/wp\/v2\/users\/1"}],"replies":[{"embeddable":true,"href":"https:\/\/www.carloscastrofotografo.com\/tienda\/wp-json\/wp\/v2\/comments?post=3166"}],"version-history":[{"count":7,"href":"https:\/\/www.carloscastrofotografo.com\/tienda\/wp-json\/wp\/v2\/pages\/3166\/revisions"}],"predecessor-version":[{"id":3183,"href":"https:\/\/www.carloscastrofotografo.com\/tienda\/wp-json\/wp\/v2\/pages\/3166\/revisions\/3183"}],"wp:attachment":[{"href":"https:\/\/www.carloscastrofotografo.com\/tienda\/wp-json\/wp\/v2\/media?parent=3166"}],"curies":[{"name":"wp","href":"https:\/\/api.w.org\/{rel}","templated":true}]}}